{"id":1303,"date":"2023-01-16T18:51:14","date_gmt":"2023-01-16T18:51:14","guid":{"rendered":"http:\/\/acadiploafricaine.org\/?page_id=1303"},"modified":"2024-12-23T14:48:42","modified_gmt":"2024-12-23T14:48:42","slug":"ambassadeurs","status":"publish","type":"page","link":"https:\/\/acadiploafricaine.org\/en\/ambassadeurs\/","title":{"rendered":"Ambassadors"},"content":{"rendered":"<div data-elementor-type=\"wp-page\" data-elementor-id=\"1303\" class=\"elementor elementor-1303\">\n\t\t\t\t\t\t\t\t\t<section class=\"elementor-section elementor-top-section elementor-element elementor-element-a840cd5 elementor-section-boxed elementor-section-height-default elementor-section-height-default\" data-id=\"a840cd5\" data-element_type=\"section\" data-settings=\"{&quot;_ha_eqh_enable&quot;:false}\">\n\t\t\t\t\t\t<div class=\"elementor-container elementor-column-gap-default\">\n\t\t\t\t\t<div class=\"elementor-column elementor-col-50 elementor-top-column elementor-element elementor-element-4efab02\" data-id=\"4efab02\" data-element_type=\"column\">\n\t\t\t<div class=\"elementor-widget-wrap elementor-element-populated\">\n\t\t\t\t\t\t\t\t<div class=\"elementor-element elementor-element-f5e7fa0 elementor-widget elementor-widget-text-editor\" data-id=\"f5e7fa0\" data-element_type=\"widget\" data-widget_type=\"text-editor.default\">\n\t\t\t\t<div class=\"elementor-widget-container\">\n\t\t\t<style>\/*! elementor - v3.15.0 - 09-08-2023 *\/\n.elementor-widget-text-editor.elementor-drop-cap-view-stacked .elementor-drop-cap{background-color:#69727d;color:#fff}.elementor-widget-text-editor.elementor-drop-cap-view-framed .elementor-drop-cap{color:#69727d;border:3px solid;background-color:transparent}.elementor-widget-text-editor:not(.elementor-drop-cap-view-default) .elementor-drop-cap{margin-top:8px}.elementor-widget-text-editor:not(.elementor-drop-cap-view-default) .elementor-drop-cap-letter{width:1em;height:1em}.elementor-widget-text-editor .elementor-drop-cap{float:left;text-align:center;line-height:1;font-size:50px}.elementor-widget-text-editor .elementor-drop-cap-letter{display:inline-block}<\/style>\t\t\t\t<p>Ancienne Ministre du Sport de France Directrice de SER Ecole Sport Excellence Reconversion<\/p><p>Laura Flessel<\/p>\t\t\t\t\t\t<\/div>\n\t\t\t\t<\/div>\n\t\t\t\t\t<\/div>\n\t\t<\/div>\n\t\t\t\t<div class=\"elementor-column elementor-col-50 elementor-top-column elementor-element elementor-element-fa184b2\" data-id=\"fa184b2\" data-element_type=\"column\">\n\t\t\t<div class=\"elementor-widget-wrap elementor-element-populated\">\n\t\t\t\t\t\t\t\t<div class=\"elementor-element elementor-element-2e87b60 elementor-widget elementor-widget-text-editor\" data-id=\"2e87b60\" data-element_type=\"widget\" data-widget_type=\"text-editor.default\">\n\t\t\t\t<div class=\"elementor-widget-container\">\n\t\t\t\t\t\t\t<p>Noble International University (NIU) USA Toronto, Ontario,Canada Ambassador of Peace<\/p><p>Professor Biswajit (Bob) Ganguly<\/p>\t\t\t\t\t\t<\/div>\n\t\t\t\t<\/div>\n\t\t\t\t\t<\/div>\n\t\t<\/div>\n\t\t\t\t\t\t\t<\/div>\n\t\t<\/section>\n\t\t\t\t<section class=\"elementor-section elementor-top-section elementor-element elementor-element-a08788c elementor-section-boxed elementor-section-height-default elementor-section-height-default\" data-id=\"a08788c\" data-element_type=\"section\" data-settings=\"{&quot;_ha_eqh_enable&quot;:false}\">\n\t\t\t\t\t\t<div class=\"elementor-container elementor-column-gap-default\">\n\t\t\t\t\t<div class=\"elementor-column elementor-col-50 elementor-top-column elementor-element elementor-element-6346cf6\" data-id=\"6346cf6\" data-element_type=\"column\">\n\t\t\t<div class=\"elementor-widget-wrap elementor-element-populated\">\n\t\t\t\t\t\t\t\t<div class=\"elementor-element elementor-element-0fa4722 elementor-widget elementor-widget-text-editor\" data-id=\"0fa4722\" data-element_type=\"widget\" data-widget_type=\"text-editor.default\">\n\t\t\t\t<div class=\"elementor-widget-container\">\n\t\t\t\t\t\t\t<p>Expert en relations internationales, Afrique et Am\u00e9rique du Sud\u00a0<\/p><p>Philippe Mairesse de Montfaucon\u00a0<\/p>\t\t\t\t\t\t<\/div>\n\t\t\t\t<\/div>\n\t\t\t\t\t<\/div>\n\t\t<\/div>\n\t\t\t\t<div class=\"elementor-column elementor-col-50 elementor-top-column elementor-element elementor-element-36eeb67\" data-id=\"36eeb67\" data-element_type=\"column\">\n\t\t\t<div class=\"elementor-widget-wrap elementor-element-populated\">\n\t\t\t\t\t\t\t\t<div class=\"elementor-element elementor-element-c2fae77 elementor-widget elementor-widget-text-editor\" data-id=\"c2fae77\" data-element_type=\"widget\" data-widget_type=\"text-editor.default\">\n\t\t\t\t<div class=\"elementor-widget-container\">\n\t\t\t\t\t\t\t<div dir=\"ltr\">Conseiller pour la Cor\u00e9e du Sud et Moyen Orient,<\/div><div dir=\"ltr\">\u00a0Expert en finance Et March\u00e9s Financiers\u00a0<\/div><div dir=\"ltr\">\u00a0<\/div><div dir=\"ltr\">Jean-Philippe Cerutti\u00a0<\/div>\t\t\t\t\t\t<\/div>\n\t\t\t\t<\/div>\n\t\t\t\t\t<\/div>\n\t\t<\/div>\n\t\t\t\t\t\t\t<\/div>\n\t\t<\/section>\n\t\t\t\t<section class=\"elementor-section elementor-top-section elementor-element elementor-element-d706597 elementor-section-boxed elementor-section-height-default elementor-section-height-default\" data-id=\"d706597\" data-element_type=\"section\" data-settings=\"{&quot;_ha_eqh_enable&quot;:false}\">\n\t\t\t\t\t\t<div class=\"elementor-container elementor-column-gap-default\">\n\t\t\t\t\t<div class=\"elementor-column elementor-col-50 elementor-top-column elementor-element elementor-element-45a7ff8\" data-id=\"45a7ff8\" data-element_type=\"column\">\n\t\t\t<div class=\"elementor-widget-wrap elementor-element-populated\">\n\t\t\t\t\t\t\t\t<div class=\"elementor-element elementor-element-cccac0b elementor-widget elementor-widget-text-editor\" data-id=\"cccac0b\" data-element_type=\"widget\" data-widget_type=\"text-editor.default\">\n\t\t\t\t<div class=\"elementor-widget-container\">\n\t\t\t\t\t\t\t<p>ancien Ambassadeur Itin\u00e9rant et Conseiller Sp\u00e9cial du Pr\u00e9sident de la R\u00e9publique du S\u00e9n\u00e9gal, en qualit\u00e9 d&rsquo;Ambassadeur de Bonne Volont\u00e9 de l&rsquo;ADA<\/p><p><b>Monsieur Papa Saer GUEYE<\/b><\/p>\t\t\t\t\t\t<\/div>\n\t\t\t\t<\/div>\n\t\t\t\t\t<\/div>\n\t\t<\/div>\n\t\t\t\t<div class=\"elementor-column elementor-col-50 elementor-top-column elementor-element elementor-element-b28bf07\" data-id=\"b28bf07\" data-element_type=\"column\">\n\t\t\t<div class=\"elementor-widget-wrap elementor-element-populated\">\n\t\t\t\t\t\t\t\t<div class=\"elementor-element elementor-element-1c12e4c elementor-widget elementor-widget-text-editor\" data-id=\"1c12e4c\" data-element_type=\"widget\" data-widget_type=\"text-editor.default\">\n\t\t\t\t<div class=\"elementor-widget-container\">\n\t\t\t\t\t\t\t\t\t\t\t\t\t<\/div>\n\t\t\t\t<\/div>\n\t\t\t\t\t<\/div>\n\t\t<\/div>\n\t\t\t\t\t\t\t<\/div>\n\t\t<\/section>\n\t\t\t\t\t\t\t<\/div>","protected":false},"excerpt":{"rendered":"<p>Ancienne Ministre du Sport de France Directrice de SER Ecole Sport Excellence Reconversion Laura Flessel Noble International University (NIU) USA Toronto, Ontario,Canada Ambassador of Peace Professor Biswajit (Bob) Ganguly Expert en relations internationales, Afrique et Am\u00e9rique du Sud\u00a0 Philippe Mairesse de Montfaucon\u00a0 Conseiller pour la Cor\u00e9e du Sud et Moyen Orient,\u00a0Expert en finance Et March\u00e9s &hellip;<\/p>\n<p class=\"read-more\"> <a class=\"\" href=\"https:\/\/acadiploafricaine.org\/en\/ambassadeurs\/\"> <span class=\"screen-reader-text\">Ambassadors<\/span> Read More &raquo;<\/a><\/p>","protected":false},"author":5,"featured_media":0,"parent":0,"menu_order":0,"comment_status":"closed","ping_status":"closed","template":"","meta":{"site-sidebar-layout":"no-sidebar","site-content-layout":"page-builder","ast-global-header-display":"","ast-main-header-display":"","ast-hfb-above-header-display":"","ast-hfb-below-header-display":"","ast-hfb-mobile-header-display":"","site-post-title":"","ast-breadcrumbs-content":"","ast-featured-img":"disabled","footer-sml-layout":"","theme-transparent-header-meta":"","adv-header-id-meta":"","stick-header-meta":"","header-above-stick-meta":"","header-main-stick-meta":"","header-below-stick-meta":""},"_links":{"self":[{"href":"https:\/\/acadiploafricaine.org\/en\/wp-json\/wp\/v2\/pages\/1303"}],"collection":[{"href":"https:\/\/acadiploafricaine.org\/en\/wp-json\/wp\/v2\/pages"}],"about":[{"href":"https:\/\/acadiploafricaine.org\/en\/wp-json\/wp\/v2\/types\/page"}],"author":[{"embeddable":true,"href":"https:\/\/acadiploafricaine.org\/en\/wp-json\/wp\/v2\/users\/5"}],"replies":[{"embeddable":true,"href":"https:\/\/acadiploafricaine.org\/en\/wp-json\/wp\/v2\/comments?post=1303"}],"version-history":[{"count":43,"href":"https:\/\/acadiploafricaine.org\/en\/wp-json\/wp\/v2\/pages\/1303\/revisions"}],"predecessor-version":[{"id":2901,"href":"https:\/\/acadiploafricaine.org\/en\/wp-json\/wp\/v2\/pages\/1303\/revisions\/2901"}],"wp:attachment":[{"href":"https:\/\/acadiploafricaine.org\/en\/wp-json\/wp\/v2\/media?parent=1303"}],"curies":[{"name":"wp","href":"https:\/\/api.w.org\/{rel}","templated":true}]}}