{"id":1311,"date":"2023-01-16T18:55:10","date_gmt":"2023-01-16T18:55:10","guid":{"rendered":"http:\/\/acadiploafricaine.org\/?page_id=1311"},"modified":"2023-02-09T18:31:32","modified_gmt":"2023-02-09T18:31:32","slug":"bureau-de-geneve","status":"publish","type":"page","link":"https:\/\/acadiploafricaine.org\/en\/bureau-de-geneve\/","title":{"rendered":"Geneva office"},"content":{"rendered":"<div data-elementor-type=\"wp-page\" data-elementor-id=\"1311\" class=\"elementor elementor-1311\">\n\t\t\t\t\t\t\t\t\t<section class=\"elementor-section elementor-top-section elementor-element elementor-element-e6bfb4c elementor-section-boxed elementor-section-height-default elementor-section-height-default\" data-id=\"e6bfb4c\" data-element_type=\"section\" data-settings=\"{&quot;_ha_eqh_enable&quot;:false}\">\n\t\t\t\t\t\t<div class=\"elementor-container elementor-column-gap-default\">\n\t\t\t\t\t<div class=\"elementor-column elementor-col-100 elementor-top-column elementor-element elementor-element-d84d772\" data-id=\"d84d772\" data-element_type=\"column\">\n\t\t\t<div class=\"elementor-widget-wrap elementor-element-populated\">\n\t\t\t\t\t\t\t\t<div class=\"elementor-element elementor-element-9841983 elementor-widget elementor-widget-text-editor\" data-id=\"9841983\" data-element_type=\"widget\" data-widget_type=\"text-editor.default\">\n\t\t\t\t<div class=\"elementor-widget-container\">\n\t\t\t<style>\/*! elementor - v3.15.0 - 09-08-2023 *\/\n.elementor-widget-text-editor.elementor-drop-cap-view-stacked .elementor-drop-cap{background-color:#69727d;color:#fff}.elementor-widget-text-editor.elementor-drop-cap-view-framed .elementor-drop-cap{color:#69727d;border:3px solid;background-color:transparent}.elementor-widget-text-editor:not(.elementor-drop-cap-view-default) .elementor-drop-cap{margin-top:8px}.elementor-widget-text-editor:not(.elementor-drop-cap-view-default) .elementor-drop-cap-letter{width:1em;height:1em}.elementor-widget-text-editor .elementor-drop-cap{float:left;text-align:center;line-height:1;font-size:50px}.elementor-widget-text-editor .elementor-drop-cap-letter{display:inline-block}<\/style>\t\t\t\t<p><b>\u00a0<\/b>Le Bureau de Gen\u00e8ve est plac\u00e9 sous l&rsquo;autorit\u00e9 de Ma\u00eetreAbdeljelil Dhahri\u00a0\u00a0Sp\u00e9cialiste des questions relative \u00e0 l&rsquo;islam et de radicalit\u00e9.<\/p>\t\t\t\t\t\t<\/div>\n\t\t\t\t<\/div>\n\t\t\t\t\t<\/div>\n\t\t<\/div>\n\t\t\t\t\t\t\t<\/div>\n\t\t<\/section>\n\t\t\t\t<section class=\"elementor-section elementor-top-section elementor-element elementor-element-26472ea elementor-section-boxed elementor-section-height-default elementor-section-height-default\" data-id=\"26472ea\" data-element_type=\"section\" data-settings=\"{&quot;_ha_eqh_enable&quot;:false}\">\n\t\t\t\t\t\t<div class=\"elementor-container elementor-column-gap-default\">\n\t\t\t\t\t<div class=\"elementor-column elementor-col-100 elementor-top-column elementor-element elementor-element-98a1844\" data-id=\"98a1844\" data-element_type=\"column\">\n\t\t\t<div class=\"elementor-widget-wrap elementor-element-populated\">\n\t\t\t\t\t\t\t\t<div class=\"elementor-element elementor-element-5cbe2a5 elementor-widget elementor-widget-text-editor\" data-id=\"5cbe2a5\" data-element_type=\"widget\" data-widget_type=\"text-editor.default\">\n\t\t\t\t<div class=\"elementor-widget-container\">\n\t\t\t\t\t\t\t<p>Gr\u00e2ce au Bureau de Gen\u00e8ve, l&rsquo;Acad\u00e9mie compte coordonner la mobilisation internationale sur diff\u00e9rents sujets culturels qui ont une implication certaine sur la stabilit\u00e9 des Relations Internationales mais aussi sur la cohabitation pacifique entre des citoyens d&rsquo;un m\u00eame pays mais ne partageant pas les m\u00eames croyances religieuses notamment\u00a0<\/p>\t\t\t\t\t\t<\/div>\n\t\t\t\t<\/div>\n\t\t\t\t\t<\/div>\n\t\t<\/div>\n\t\t\t\t\t\t\t<\/div>\n\t\t<\/section>\n\t\t\t\t<section class=\"elementor-section elementor-top-section elementor-element elementor-element-e4f11a7 elementor-section-boxed elementor-section-height-default elementor-section-height-default\" data-id=\"e4f11a7\" data-element_type=\"section\" data-settings=\"{&quot;_ha_eqh_enable&quot;:false}\">\n\t\t\t\t\t\t<div class=\"elementor-container elementor-column-gap-default\">\n\t\t\t\t\t<div class=\"elementor-column elementor-col-100 elementor-top-column elementor-element elementor-element-ad5e042\" data-id=\"ad5e042\" data-element_type=\"column\">\n\t\t\t<div class=\"elementor-widget-wrap elementor-element-populated\">\n\t\t\t\t\t\t\t\t<div class=\"elementor-element elementor-element-69b5a86 elementor-widget elementor-widget-text-editor\" data-id=\"69b5a86\" data-element_type=\"widget\" data-widget_type=\"text-editor.default\">\n\t\t\t\t<div class=\"elementor-widget-container\">\n\t\t\t\t\t\t\t<p>En effet, nous vivons une p\u00e9riode o\u00f9 la manipulation des croyances culturelles et religieuses constituent de plus en plus des sources de menace contre la Paix dans le Monde.<\/p>\t\t\t\t\t\t<\/div>\n\t\t\t\t<\/div>\n\t\t\t\t\t<\/div>\n\t\t<\/div>\n\t\t\t\t\t\t\t<\/div>\n\t\t<\/section>\n\t\t\t\t<section class=\"elementor-section elementor-top-section elementor-element elementor-element-3216988 elementor-section-boxed elementor-section-height-default elementor-section-height-default\" data-id=\"3216988\" data-element_type=\"section\" data-settings=\"{&quot;_ha_eqh_enable&quot;:false}\">\n\t\t\t\t\t\t<div class=\"elementor-container elementor-column-gap-default\">\n\t\t\t\t\t<div class=\"elementor-column elementor-col-100 elementor-top-column elementor-element elementor-element-4206a23\" data-id=\"4206a23\" data-element_type=\"column\">\n\t\t\t<div class=\"elementor-widget-wrap elementor-element-populated\">\n\t\t\t\t\t\t\t\t<div class=\"elementor-element elementor-element-0a08f24 elementor-widget elementor-widget-text-editor\" data-id=\"0a08f24\" data-element_type=\"widget\" data-widget_type=\"text-editor.default\">\n\t\t\t\t<div class=\"elementor-widget-container\">\n\t\t\t\t\t\t\t<p>C&rsquo;est dans cet esprit que l\u2019ADA, par l&rsquo;interm\u00e9diaire du Bureau de Gen\u00e8ve, entend d\u00e9velopper une Diplomatie Culturelle pour le d\u00e9veloppement durable et la Paix en Afrique.<\/p>\t\t\t\t\t\t<\/div>\n\t\t\t\t<\/div>\n\t\t\t\t\t<\/div>\n\t\t<\/div>\n\t\t\t\t\t\t\t<\/div>\n\t\t<\/section>\n\t\t\t\t<section class=\"elementor-section elementor-top-section elementor-element elementor-element-96477ee elementor-section-boxed elementor-section-height-default elementor-section-height-default\" data-id=\"96477ee\" data-element_type=\"section\" data-settings=\"{&quot;_ha_eqh_enable&quot;:false}\">\n\t\t\t\t\t\t<div class=\"elementor-container elementor-column-gap-default\">\n\t\t\t\t\t<div class=\"elementor-column elementor-col-100 elementor-top-column elementor-element elementor-element-670f91f\" data-id=\"670f91f\" data-element_type=\"column\">\n\t\t\t<div class=\"elementor-widget-wrap elementor-element-populated\">\n\t\t\t\t\t\t\t\t<div class=\"elementor-element elementor-element-da2781a elementor-widget elementor-widget-text-editor\" data-id=\"da2781a\" data-element_type=\"widget\" data-widget_type=\"text-editor.default\">\n\t\t\t\t<div class=\"elementor-widget-container\">\n\t\t\t\t\t\t\t<p>Juriste-Criminologue-Expert agr\u00e9e\u00a0<\/p><p>Directeur Cri Voix Des Victimes\u00a0\u00a0<\/p><p>Coordinateur Coordination Des Organisations Islamiques Suisse Romande KIOS\u00a0<\/p><p>Expert \u00a0Projet Mirad (Lutte et pr\u00e9vention contre la radicalisation juv\u00e9nile) commission europ\u00e9enne\u00a0<\/p><p>Repr\u00e9sentant LABEL TV Suisse\u00a0\u00a0<\/p>\t\t\t\t\t\t<\/div>\n\t\t\t\t<\/div>\n\t\t\t\t\t<\/div>\n\t\t<\/div>\n\t\t\t\t\t\t\t<\/div>\n\t\t<\/section>\n\t\t\t\t<section class=\"elementor-section elementor-top-section elementor-element elementor-element-1dbbdd3 elementor-section-boxed elementor-section-height-default elementor-section-height-default\" data-id=\"1dbbdd3\" data-element_type=\"section\" data-settings=\"{&quot;_ha_eqh_enable&quot;:false}\">\n\t\t\t\t\t\t<div class=\"elementor-container elementor-column-gap-default\">\n\t\t\t\t\t<div class=\"elementor-column elementor-col-25 elementor-top-column elementor-element elementor-element-1f0b232\" data-id=\"1f0b232\" data-element_type=\"column\">\n\t\t\t<div class=\"elementor-widget-wrap elementor-element-populated\">\n\t\t\t\t\t\t\t\t<div class=\"elementor-element elementor-element-6002419 elementor-widget elementor-widget-image\" data-id=\"6002419\" data-element_type=\"widget\" data-widget_type=\"image.default\">\n\t\t\t\t<div class=\"elementor-widget-container\">\n\t\t\t<style>\/*! elementor - v3.15.0 - 09-08-2023 *\/\n.elementor-widget-image{text-align:center}.elementor-widget-image a{display:inline-block}.elementor-widget-image a img[src$=\".svg\"]{width:48px}.elementor-widget-image img{vertical-align:middle;display:inline-block}<\/style>\t\t\t\t\t\t\t\t\t\t\t\t<img decoding=\"async\" width=\"1024\" height=\"724\" src=\"https:\/\/acadiploafricaine.org\/wp-content\/uploads\/2023\/02\/Adad-1024x724.jpg\" class=\"attachment-large size-large wp-image-2281\" alt=\"\" loading=\"lazy\" srcset=\"https:\/\/acadiploafricaine.org\/wp-content\/uploads\/2023\/02\/Adad-1024x724.jpg 1024w, https:\/\/acadiploafricaine.org\/wp-content\/uploads\/2023\/02\/Adad-300x212.jpg 300w, https:\/\/acadiploafricaine.org\/wp-content\/uploads\/2023\/02\/Adad-768x543.jpg 768w, https:\/\/acadiploafricaine.org\/wp-content\/uploads\/2023\/02\/Adad-1536x1087.jpg 1536w, https:\/\/acadiploafricaine.org\/wp-content\/uploads\/2023\/02\/Adad-18x12.jpg 18w, https:\/\/acadiploafricaine.org\/wp-content\/uploads\/2023\/02\/Adad.jpg 1753w\" sizes=\"(max-width: 1024px) 100vw, 1024px\" \/>\t\t\t\t\t\t\t\t\t\t\t\t\t\t\t<\/div>\n\t\t\t\t<\/div>\n\t\t\t\t\t<\/div>\n\t\t<\/div>\n\t\t\t\t<div class=\"elementor-column elementor-col-25 elementor-top-column elementor-element elementor-element-4061689\" data-id=\"4061689\" data-element_type=\"column\">\n\t\t\t<div class=\"elementor-widget-wrap elementor-element-populated\">\n\t\t\t\t\t\t\t\t<div class=\"elementor-element elementor-element-1ae5e82 elementor-widget elementor-widget-image\" data-id=\"1ae5e82\" data-element_type=\"widget\" data-widget_type=\"image.default\">\n\t\t\t\t<div class=\"elementor-widget-container\">\n\t\t\t\t\t\t\t\t\t\t\t\t\t\t\t<img decoding=\"async\" width=\"724\" height=\"1024\" src=\"https:\/\/acadiploafricaine.org\/wp-content\/uploads\/2023\/02\/Militaire-2-724x1024.jpg\" class=\"attachment-large size-large wp-image-2215\" alt=\"\" loading=\"lazy\" srcset=\"https:\/\/acadiploafricaine.org\/wp-content\/uploads\/2023\/02\/Militaire-2-724x1024.jpg 724w, https:\/\/acadiploafricaine.org\/wp-content\/uploads\/2023\/02\/Militaire-2-212x300.jpg 212w, https:\/\/acadiploafricaine.org\/wp-content\/uploads\/2023\/02\/Militaire-2-768x1086.jpg 768w, https:\/\/acadiploafricaine.org\/wp-content\/uploads\/2023\/02\/Militaire-2-1087x1536.jpg 1087w, https:\/\/acadiploafricaine.org\/wp-content\/uploads\/2023\/02\/Militaire-2-8x12.jpg 8w, https:\/\/acadiploafricaine.org\/wp-content\/uploads\/2023\/02\/Militaire-2.jpg 1240w\" sizes=\"(max-width: 724px) 100vw, 724px\" \/>\t\t\t\t\t\t\t\t\t\t\t\t\t\t\t<\/div>\n\t\t\t\t<\/div>\n\t\t\t\t\t<\/div>\n\t\t<\/div>\n\t\t\t\t<div class=\"elementor-column elementor-col-25 elementor-top-column elementor-element elementor-element-bb72a55\" data-id=\"bb72a55\" data-element_type=\"column\">\n\t\t\t<div class=\"elementor-widget-wrap elementor-element-populated\">\n\t\t\t\t\t\t\t\t<div class=\"elementor-element elementor-element-c7b064d elementor-widget elementor-widget-image\" data-id=\"c7b064d\" data-element_type=\"widget\" data-widget_type=\"image.default\">\n\t\t\t\t<div class=\"elementor-widget-container\">\n\t\t\t\t\t\t\t\t\t\t\t\t\t\t\t<img decoding=\"async\" width=\"724\" height=\"1024\" src=\"https:\/\/acadiploafricaine.org\/wp-content\/uploads\/2023\/02\/1673431652827-724x1024.jpeg\" class=\"attachment-large size-large wp-image-2214\" alt=\"\" loading=\"lazy\" srcset=\"https:\/\/acadiploafricaine.org\/wp-content\/uploads\/2023\/02\/1673431652827-724x1024.jpeg 724w, https:\/\/acadiploafricaine.org\/wp-content\/uploads\/2023\/02\/1673431652827-212x300.jpeg 212w, https:\/\/acadiploafricaine.org\/wp-content\/uploads\/2023\/02\/1673431652827-768x1086.jpeg 768w, https:\/\/acadiploafricaine.org\/wp-content\/uploads\/2023\/02\/1673431652827-1087x1536.jpeg 1087w, https:\/\/acadiploafricaine.org\/wp-content\/uploads\/2023\/02\/1673431652827-8x12.jpeg 8w, https:\/\/acadiploafricaine.org\/wp-content\/uploads\/2023\/02\/1673431652827.jpeg 1240w\" sizes=\"(max-width: 724px) 100vw, 724px\" \/>\t\t\t\t\t\t\t\t\t\t\t\t\t\t\t<\/div>\n\t\t\t\t<\/div>\n\t\t\t\t\t<\/div>\n\t\t<\/div>\n\t\t\t\t<div class=\"elementor-column elementor-col-25 elementor-top-column elementor-element elementor-element-b47eb0a\" data-id=\"b47eb0a\" data-element_type=\"column\">\n\t\t\t<div class=\"elementor-widget-wrap elementor-element-populated\">\n\t\t\t\t\t\t\t\t<div class=\"elementor-element elementor-element-ba002a3 elementor-widget elementor-widget-image\" data-id=\"ba002a3\" data-element_type=\"widget\" data-widget_type=\"image.default\">\n\t\t\t\t<div class=\"elementor-widget-container\">\n\t\t\t\t\t\t\t\t\t\t\t\t\t\t\t<img decoding=\"async\" width=\"724\" height=\"1024\" src=\"https:\/\/acadiploafricaine.org\/wp-content\/uploads\/2023\/02\/1662213565098-724x1024.jpeg\" class=\"attachment-large size-large wp-image-2213\" alt=\"\" loading=\"lazy\" srcset=\"https:\/\/acadiploafricaine.org\/wp-content\/uploads\/2023\/02\/1662213565098-724x1024.jpeg 724w, https:\/\/acadiploafricaine.org\/wp-content\/uploads\/2023\/02\/1662213565098-212x300.jpeg 212w, https:\/\/acadiploafricaine.org\/wp-content\/uploads\/2023\/02\/1662213565098-768x1086.jpeg 768w, https:\/\/acadiploafricaine.org\/wp-content\/uploads\/2023\/02\/1662213565098-1087x1536.jpeg 1087w, https:\/\/acadiploafricaine.org\/wp-content\/uploads\/2023\/02\/1662213565098-8x12.jpeg 8w, https:\/\/acadiploafricaine.org\/wp-content\/uploads\/2023\/02\/1662213565098.jpeg 1240w\" sizes=\"(max-width: 724px) 100vw, 724px\" \/>\t\t\t\t\t\t\t\t\t\t\t\t\t\t\t<\/div>\n\t\t\t\t<\/div>\n\t\t\t\t\t<\/div>\n\t\t<\/div>\n\t\t\t\t\t\t\t<\/div>\n\t\t<\/section>\n\t\t\t\t\t\t\t<\/div>","protected":false},"excerpt":{"rendered":"<p>\u00a0Le Bureau de Gen\u00e8ve est plac\u00e9 sous l&rsquo;autorit\u00e9 de Ma\u00eetreAbdeljelil Dhahri\u00a0\u00a0Sp\u00e9cialiste des questions relative \u00e0 l&rsquo;islam et de radicalit\u00e9. Gr\u00e2ce au Bureau de Gen\u00e8ve, l&rsquo;Acad\u00e9mie compte coordonner la mobilisation internationale sur diff\u00e9rents sujets culturels qui ont une implication certaine sur la stabilit\u00e9 des Relations Internationales mais aussi sur la cohabitation pacifique entre des citoyens d&rsquo;un &hellip;<\/p>\n<p class=\"read-more\"> <a class=\"\" href=\"https:\/\/acadiploafricaine.org\/en\/bureau-de-geneve\/\"> <span class=\"screen-reader-text\">Geneva office<\/span> Read More &raquo;<\/a><\/p>","protected":false},"author":5,"featured_media":0,"parent":0,"menu_order":0,"comment_status":"closed","ping_status":"closed","template":"","meta":{"site-sidebar-layout":"no-sidebar","site-content-layout":"page-builder","ast-global-header-display":"","ast-main-header-display":"","ast-hfb-above-header-display":"","ast-hfb-below-header-display":"","ast-hfb-mobile-header-display":"","site-post-title":"","ast-breadcrumbs-content":"","ast-featured-img":"disabled","footer-sml-layout":"","theme-transparent-header-meta":"","adv-header-id-meta":"","stick-header-meta":"","header-above-stick-meta":"","header-main-stick-meta":"","header-below-stick-meta":""},"_links":{"self":[{"href":"https:\/\/acadiploafricaine.org\/en\/wp-json\/wp\/v2\/pages\/1311"}],"collection":[{"href":"https:\/\/acadiploafricaine.org\/en\/wp-json\/wp\/v2\/pages"}],"about":[{"href":"https:\/\/acadiploafricaine.org\/en\/wp-json\/wp\/v2\/types\/page"}],"author":[{"embeddable":true,"href":"https:\/\/acadiploafricaine.org\/en\/wp-json\/wp\/v2\/users\/5"}],"replies":[{"embeddable":true,"href":"https:\/\/acadiploafricaine.org\/en\/wp-json\/wp\/v2\/comments?post=1311"}],"version-history":[{"count":36,"href":"https:\/\/acadiploafricaine.org\/en\/wp-json\/wp\/v2\/pages\/1311\/revisions"}],"predecessor-version":[{"id":2301,"href":"https:\/\/acadiploafricaine.org\/en\/wp-json\/wp\/v2\/pages\/1311\/revisions\/2301"}],"wp:attachment":[{"href":"https:\/\/acadiploafricaine.org\/en\/wp-json\/wp\/v2\/media?parent=1311"}],"curies":[{"name":"wp","href":"https:\/\/api.w.org\/{rel}","templated":true}]}}