{"id":1313,"date":"2023-01-16T18:55:31","date_gmt":"2023-01-16T18:55:31","guid":{"rendered":"http:\/\/acadiploafricaine.org\/?page_id=1313"},"modified":"2023-01-19T17:12:43","modified_gmt":"2023-01-19T17:12:43","slug":"bureau-de-luxembourg","status":"publish","type":"page","link":"https:\/\/acadiploafricaine.org\/en\/bureau-de-luxembourg\/","title":{"rendered":"Luxembourg office"},"content":{"rendered":"<div data-elementor-type=\"wp-page\" data-elementor-id=\"1313\" class=\"elementor elementor-1313\">\n\t\t\t\t\t\t\t\t\t<section class=\"elementor-section elementor-top-section elementor-element elementor-element-49ab3a4 elementor-section-boxed elementor-section-height-default elementor-section-height-default\" data-id=\"49ab3a4\" data-element_type=\"section\" data-settings=\"{&quot;_ha_eqh_enable&quot;:false}\">\n\t\t\t\t\t\t<div class=\"elementor-container elementor-column-gap-default\">\n\t\t\t\t\t<div class=\"elementor-column elementor-col-100 elementor-top-column elementor-element elementor-element-e9ac732\" data-id=\"e9ac732\" data-element_type=\"column\">\n\t\t\t<div class=\"elementor-widget-wrap elementor-element-populated\">\n\t\t\t\t\t\t\t\t<div class=\"elementor-element elementor-element-28b54e6 elementor-widget elementor-widget-text-editor\" data-id=\"28b54e6\" data-element_type=\"widget\" data-widget_type=\"text-editor.default\">\n\t\t\t\t<div class=\"elementor-widget-container\">\n\t\t\t<style>\/*! elementor - v3.15.0 - 09-08-2023 *\/\n.elementor-widget-text-editor.elementor-drop-cap-view-stacked .elementor-drop-cap{background-color:#69727d;color:#fff}.elementor-widget-text-editor.elementor-drop-cap-view-framed .elementor-drop-cap{color:#69727d;border:3px solid;background-color:transparent}.elementor-widget-text-editor:not(.elementor-drop-cap-view-default) .elementor-drop-cap{margin-top:8px}.elementor-widget-text-editor:not(.elementor-drop-cap-view-default) .elementor-drop-cap-letter{width:1em;height:1em}.elementor-widget-text-editor .elementor-drop-cap{float:left;text-align:center;line-height:1;font-size:50px}.elementor-widget-text-editor .elementor-drop-cap-letter{display:inline-block}<\/style>\t\t\t\t<p>L&rsquo;ADA a ouvert un bureau au Luxembourg plac\u00e9 sou l\u2019autorit\u00e9 de Monsieur Arnaud N\u2019TAKPE expert en finance internationale et d\u00e9veloppement durable. Ce Bureau est une plateforme institutionnelle pour favoriser la prise de d\u00e9cision dans la conduite des actions internationales en faveur de la mobilisation des partenaires techniques et financiers pour le d\u00e9veloppement durable du continent africain et la mise en \u0153uvre de ses strat\u00e9gies de d\u00e9veloppement socio-\u00e9conomique en faveur de ses populations.<\/p>\t\t\t\t\t\t<\/div>\n\t\t\t\t<\/div>\n\t\t\t\t\t<\/div>\n\t\t<\/div>\n\t\t\t\t\t\t\t<\/div>\n\t\t<\/section>\n\t\t\t\t<section class=\"elementor-section elementor-top-section elementor-element elementor-element-452f85e elementor-section-boxed elementor-section-height-default elementor-section-height-default\" data-id=\"452f85e\" data-element_type=\"section\" data-settings=\"{&quot;_ha_eqh_enable&quot;:false}\">\n\t\t\t\t\t\t<div class=\"elementor-container elementor-column-gap-default\">\n\t\t\t\t\t<div class=\"elementor-column elementor-col-100 elementor-top-column elementor-element elementor-element-5451207\" data-id=\"5451207\" data-element_type=\"column\">\n\t\t\t<div class=\"elementor-widget-wrap elementor-element-populated\">\n\t\t\t\t\t\t\t\t<div class=\"elementor-element elementor-element-657b73c elementor-widget elementor-widget-text-editor\" data-id=\"657b73c\" data-element_type=\"widget\" data-widget_type=\"text-editor.default\">\n\t\t\t\t<div class=\"elementor-widget-container\">\n\t\t\t\t\t\t\t<p>Le Bureau de Luxembourg assurera la coordination internationale des activit\u00e9s de mobilisation des partenaires techniques et financiers en faveur du d\u00e9veloppement des pays africains\u00a0<\/p>\t\t\t\t\t\t<\/div>\n\t\t\t\t<\/div>\n\t\t\t\t\t<\/div>\n\t\t<\/div>\n\t\t\t\t\t\t\t<\/div>\n\t\t<\/section>\n\t\t\t\t<section class=\"elementor-section elementor-top-section elementor-element elementor-element-f120c64 elementor-section-boxed elementor-section-height-default elementor-section-height-default\" data-id=\"f120c64\" data-element_type=\"section\" data-settings=\"{&quot;_ha_eqh_enable&quot;:false}\">\n\t\t\t\t\t\t<div class=\"elementor-container elementor-column-gap-default\">\n\t\t\t\t\t<div class=\"elementor-column elementor-col-100 elementor-top-column elementor-element elementor-element-01544b2\" data-id=\"01544b2\" data-element_type=\"column\">\n\t\t\t<div class=\"elementor-widget-wrap elementor-element-populated\">\n\t\t\t\t\t\t\t\t<div class=\"elementor-element elementor-element-1d7252f elementor-widget elementor-widget-text-editor\" data-id=\"1d7252f\" data-element_type=\"widget\" data-widget_type=\"text-editor.default\">\n\t\t\t\t<div class=\"elementor-widget-container\">\n\t\t\t\t\t\t\t<p>Ainsi le Bureau apportera une attention particuli\u00e8re \u00e0 la r\u00e9alisation du grand programme de d\u00e9veloppement de l\u2019Union Africaine qu\u2019est la\u00a0<b>ZLECA<\/b>.<\/p>\t\t\t\t\t\t<\/div>\n\t\t\t\t<\/div>\n\t\t\t\t\t<\/div>\n\t\t<\/div>\n\t\t\t\t\t\t\t<\/div>\n\t\t<\/section>\n\t\t\t\t<section class=\"elementor-section elementor-top-section elementor-element elementor-element-b71ac31 elementor-section-boxed elementor-section-height-default elementor-section-height-default\" data-id=\"b71ac31\" data-element_type=\"section\" data-settings=\"{&quot;_ha_eqh_enable&quot;:false}\">\n\t\t\t\t\t\t<div class=\"elementor-container elementor-column-gap-default\">\n\t\t\t\t\t<div class=\"elementor-column elementor-col-100 elementor-top-column elementor-element elementor-element-6359ff9\" data-id=\"6359ff9\" data-element_type=\"column\">\n\t\t\t<div class=\"elementor-widget-wrap elementor-element-populated\">\n\t\t\t\t\t\t\t\t<div class=\"elementor-element elementor-element-2ffbcaa elementor-widget elementor-widget-text-editor\" data-id=\"2ffbcaa\" data-element_type=\"widget\" data-widget_type=\"text-editor.default\">\n\t\t\t\t<div class=\"elementor-widget-container\">\n\t\t\t\t\t\t\t<p>La pr\u00e9sence de ce bureau au Luxembourg place financi\u00e8re de renomm\u00e9e internationale devrait favoriser la mise en \u0153uvre d\u2019une diplomatie \u00e9conomique tr\u00e8s active en faveur du continent et contribuer \u00e0 mettre en exergue la volont\u00e9 des Autorit\u00e9s du Luxembourg \u00e0 contribuer au d\u00e9veloppement \u00e9conomique et social du continent africain. L&rsquo;Institut vise \u00e0 aider au d\u00e9veloppement \u00e9conomique, social et culturel des pays africains \u00e0 travers la recherche, l&rsquo;appui-conseil et la recherche formation des responsables africains capables de prendre en charge, \u00e0 diff\u00e9rents niveaux, l&rsquo;action \u00e0 mener avec les populations en vue de leur promotion et de l&rsquo;am\u00e9lioration de leurs conditions de vie.<\/p>\t\t\t\t\t\t<\/div>\n\t\t\t\t<\/div>\n\t\t\t\t\t<\/div>\n\t\t<\/div>\n\t\t\t\t\t\t\t<\/div>\n\t\t<\/section>\n\t\t\t\t\t\t\t<\/div>","protected":false},"excerpt":{"rendered":"<p>L&rsquo;ADA a ouvert un bureau au Luxembourg plac\u00e9 sou l\u2019autorit\u00e9 de Monsieur Arnaud N\u2019TAKPE expert en finance internationale et d\u00e9veloppement durable. Ce Bureau est une plateforme institutionnelle pour favoriser la prise de d\u00e9cision dans la conduite des actions internationales en faveur de la mobilisation des partenaires techniques et financiers pour le d\u00e9veloppement durable du continent &hellip;<\/p>\n<p class=\"read-more\"> <a class=\"\" href=\"https:\/\/acadiploafricaine.org\/en\/bureau-de-luxembourg\/\"> <span class=\"screen-reader-text\">Luxembourg office<\/span> Read More &raquo;<\/a><\/p>","protected":false},"author":5,"featured_media":0,"parent":0,"menu_order":0,"comment_status":"closed","ping_status":"closed","template":"","meta":{"site-sidebar-layout":"no-sidebar","site-content-layout":"page-builder","ast-global-header-display":"","ast-main-header-display":"","ast-hfb-above-header-display":"","ast-hfb-below-header-display":"","ast-hfb-mobile-header-display":"","site-post-title":"","ast-breadcrumbs-content":"","ast-featured-img":"disabled","footer-sml-layout":"","theme-transparent-header-meta":"","adv-header-id-meta":"","stick-header-meta":"","header-above-stick-meta":"","header-main-stick-meta":"","header-below-stick-meta":""},"_links":{"self":[{"href":"https:\/\/acadiploafricaine.org\/en\/wp-json\/wp\/v2\/pages\/1313"}],"collection":[{"href":"https:\/\/acadiploafricaine.org\/en\/wp-json\/wp\/v2\/pages"}],"about":[{"href":"https:\/\/acadiploafricaine.org\/en\/wp-json\/wp\/v2\/types\/page"}],"author":[{"embeddable":true,"href":"https:\/\/acadiploafricaine.org\/en\/wp-json\/wp\/v2\/users\/5"}],"replies":[{"embeddable":true,"href":"https:\/\/acadiploafricaine.org\/en\/wp-json\/wp\/v2\/comments?post=1313"}],"version-history":[{"count":17,"href":"https:\/\/acadiploafricaine.org\/en\/wp-json\/wp\/v2\/pages\/1313\/revisions"}],"predecessor-version":[{"id":1619,"href":"https:\/\/acadiploafricaine.org\/en\/wp-json\/wp\/v2\/pages\/1313\/revisions\/1619"}],"wp:attachment":[{"href":"https:\/\/acadiploafricaine.org\/en\/wp-json\/wp\/v2\/media?parent=1313"}],"curies":[{"name":"wp","href":"https:\/\/api.w.org\/{rel}","templated":true}]}}