{"id":1386,"date":"2023-01-17T18:09:38","date_gmt":"2023-01-17T18:09:38","guid":{"rendered":"http:\/\/acadiploafricaine.org\/?page_id=1386"},"modified":"2023-04-04T16:08:23","modified_gmt":"2023-04-04T16:08:23","slug":"visites","status":"publish","type":"page","link":"https:\/\/acadiploafricaine.org\/en\/visites\/","title":{"rendered":"Visits"},"content":{"rendered":"<div data-elementor-type=\"wp-page\" data-elementor-id=\"1386\" class=\"elementor elementor-1386\">\n\t\t\t\t\t\t\t\t\t<section class=\"elementor-section elementor-top-section elementor-element elementor-element-8b11332 elementor-section-boxed elementor-section-height-default elementor-section-height-default\" data-id=\"8b11332\" data-element_type=\"section\" data-settings=\"{&quot;_ha_eqh_enable&quot;:false}\">\n\t\t\t\t\t\t<div class=\"elementor-container elementor-column-gap-default\">\n\t\t\t\t\t<div class=\"elementor-column elementor-col-100 elementor-top-column elementor-element elementor-element-ee71c18\" data-id=\"ee71c18\" data-element_type=\"column\">\n\t\t\t<div class=\"elementor-widget-wrap elementor-element-populated\">\n\t\t\t\t\t\t\t\t<div class=\"elementor-element elementor-element-dfb7bf7 elementor-widget elementor-widget-heading\" data-id=\"dfb7bf7\" data-element_type=\"widget\" data-widget_type=\"heading.default\">\n\t\t\t\t<div class=\"elementor-widget-container\">\n\t\t\t<style>\/*! elementor - v3.15.0 - 09-08-2023 *\/\n.elementor-heading-title{padding:0;margin:0;line-height:1}.elementor-widget-heading .elementor-heading-title[class*=elementor-size-]>a{color:inherit;font-size:inherit;line-height:inherit}.elementor-widget-heading .elementor-heading-title.elementor-size-small{font-size:15px}.elementor-widget-heading .elementor-heading-title.elementor-size-medium{font-size:19px}.elementor-widget-heading .elementor-heading-title.elementor-size-large{font-size:29px}.elementor-widget-heading .elementor-heading-title.elementor-size-xl{font-size:39px}.elementor-widget-heading .elementor-heading-title.elementor-size-xxl{font-size:59px}<\/style><h2 class=\"elementor-heading-title elementor-size-default\">SEJOUR DU PRESIDENT DE L\u2019ADA EN SUISSE<\/h2>\t\t<\/div>\n\t\t\t\t<\/div>\n\t\t\t\t\t<\/div>\n\t\t<\/div>\n\t\t\t\t\t\t\t<\/div>\n\t\t<\/section>\n\t\t\t\t<section class=\"elementor-section elementor-top-section elementor-element elementor-element-cdd8ece elementor-section-boxed elementor-section-height-default elementor-section-height-default\" data-id=\"cdd8ece\" data-element_type=\"section\" data-settings=\"{&quot;_ha_eqh_enable&quot;:false}\">\n\t\t\t\t\t\t<div class=\"elementor-container elementor-column-gap-default\">\n\t\t\t\t\t<div class=\"elementor-column elementor-col-100 elementor-top-column elementor-element elementor-element-d44b578\" data-id=\"d44b578\" data-element_type=\"column\">\n\t\t\t<div class=\"elementor-widget-wrap elementor-element-populated\">\n\t\t\t\t\t\t\t\t<div class=\"elementor-element elementor-element-a54e9f1 elementor-widget elementor-widget-text-editor\" data-id=\"a54e9f1\" data-element_type=\"widget\" data-widget_type=\"text-editor.default\">\n\t\t\t\t<div class=\"elementor-widget-container\">\n\t\t\t<style>\/*! elementor - v3.15.0 - 09-08-2023 *\/\n.elementor-widget-text-editor.elementor-drop-cap-view-stacked .elementor-drop-cap{background-color:#69727d;color:#fff}.elementor-widget-text-editor.elementor-drop-cap-view-framed .elementor-drop-cap{color:#69727d;border:3px solid;background-color:transparent}.elementor-widget-text-editor:not(.elementor-drop-cap-view-default) .elementor-drop-cap{margin-top:8px}.elementor-widget-text-editor:not(.elementor-drop-cap-view-default) .elementor-drop-cap-letter{width:1em;height:1em}.elementor-widget-text-editor .elementor-drop-cap{float:left;text-align:center;line-height:1;font-size:50px}.elementor-widget-text-editor .elementor-drop-cap-letter{display:inline-block}<\/style>\t\t\t\t<p>Du 27 au 31 Mars 2023 le Pr\u00e9sident de l&rsquo;ADA Beno\u00eet Saliou NGOM a effectu\u00e9 un s\u00e9jour en Suisse pour renforcer la pr\u00e9sence de son organisation dans ce pays et lancer des programmes \u00e0 vocation internationale relatifs \u00e0 la Diplomatie \u00e9conomique ou culturelle<\/p>\t\t\t\t\t\t<\/div>\n\t\t\t\t<\/div>\n\t\t\t\t\t<\/div>\n\t\t<\/div>\n\t\t\t\t\t\t\t<\/div>\n\t\t<\/section>\n\t\t\t\t<section class=\"elementor-section elementor-top-section elementor-element elementor-element-b54d8bf elementor-section-boxed elementor-section-height-default elementor-section-height-default\" data-id=\"b54d8bf\" data-element_type=\"section\" data-settings=\"{&quot;_ha_eqh_enable&quot;:false}\">\n\t\t\t\t\t\t<div class=\"elementor-container elementor-column-gap-default\">\n\t\t\t\t\t<div class=\"elementor-column elementor-col-100 elementor-top-column elementor-element elementor-element-2462f61\" data-id=\"2462f61\" data-element_type=\"column\">\n\t\t\t<div class=\"elementor-widget-wrap elementor-element-populated\">\n\t\t\t\t\t\t\t\t<div class=\"elementor-element elementor-element-c99814e elementor-widget elementor-widget-text-editor\" data-id=\"c99814e\" data-element_type=\"widget\" data-widget_type=\"text-editor.default\">\n\t\t\t\t<div class=\"elementor-widget-container\">\n\t\t\t\t\t\t\t<p>A cet \u00e9gard, en compagnie de Ma\u00eetre Abdeljelil Repr\u00e9sentant de l&rsquo;ADA \u00e0 Gen\u00e8ve, il a rencontr\u00e9\u00a0<b>SEM l&rsquo;ambassadeur Amr Abdelatif Aboulatta<\/b>, Permanent Representative of the AU and Permanent Observer to the UNOG and Other International Organisations, afin de poser les bases de la coop\u00e9ration entre l&rsquo;organisation r\u00e9gionale, les Ambassades africaines accr\u00e9dit\u00e9es dans ce pays et l\u2019ADA.<\/p>\t\t\t\t\t\t<\/div>\n\t\t\t\t<\/div>\n\t\t\t\t\t<\/div>\n\t\t<\/div>\n\t\t\t\t\t\t\t<\/div>\n\t\t<\/section>\n\t\t\t\t<section class=\"elementor-section elementor-top-section elementor-element elementor-element-e2315db elementor-section-boxed elementor-section-height-default elementor-section-height-default\" data-id=\"e2315db\" data-element_type=\"section\" data-settings=\"{&quot;_ha_eqh_enable&quot;:false}\">\n\t\t\t\t\t\t<div class=\"elementor-container elementor-column-gap-default\">\n\t\t\t\t\t<div class=\"elementor-column elementor-col-100 elementor-top-column elementor-element elementor-element-985872c\" data-id=\"985872c\" data-element_type=\"column\">\n\t\t\t<div class=\"elementor-widget-wrap elementor-element-populated\">\n\t\t\t\t\t\t\t\t<div class=\"elementor-element elementor-element-9bb4f99 elementor-widget elementor-widget-text-editor\" data-id=\"9bb4f99\" data-element_type=\"widget\" data-widget_type=\"text-editor.default\">\n\t\t\t\t<div class=\"elementor-widget-container\">\n\t\t\t\t\t\t\t<p>A cet \u00e9gard, il a \u00e9t\u00e9 entendu qu&rsquo;entre autres activit\u00e9s possibles, des conf\u00e9rences et s\u00e9minaires d&rsquo;un int\u00e9r\u00eat global pour l\u2019Afrique pourraient \u00eatre organis\u00e9es par l&rsquo;ADA sous l&rsquo;\u00e9gide l&rsquo;Union Africaine.<\/p>\t\t\t\t\t\t<\/div>\n\t\t\t\t<\/div>\n\t\t\t\t\t<\/div>\n\t\t<\/div>\n\t\t\t\t\t\t\t<\/div>\n\t\t<\/section>\n\t\t\t\t<section class=\"elementor-section elementor-top-section elementor-element elementor-element-e98b015 elementor-section-boxed elementor-section-height-default elementor-section-height-default\" data-id=\"e98b015\" data-element_type=\"section\" data-settings=\"{&quot;_ha_eqh_enable&quot;:false}\">\n\t\t\t\t\t\t<div class=\"elementor-container elementor-column-gap-default\">\n\t\t\t\t\t<div class=\"elementor-column elementor-col-100 elementor-top-column elementor-element elementor-element-b799370\" data-id=\"b799370\" data-element_type=\"column\">\n\t\t\t<div class=\"elementor-widget-wrap elementor-element-populated\">\n\t\t\t\t\t\t\t\t<div class=\"elementor-element elementor-element-6793025 elementor-widget elementor-widget-text-editor\" data-id=\"6793025\" data-element_type=\"widget\" data-widget_type=\"text-editor.default\">\n\t\t\t\t<div class=\"elementor-widget-container\">\n\t\t\t\t\t\t\t<p>Parmi les th\u00e8mes retenus, nous pouvons citer, par exemple, la place de l&rsquo;Afrique dans la gouvernance internationale, la division actuelle du Monde en un Sud global et le Nord qui implique une relecture du \u00ab\u00a0Non Alignement \u00bb, les menaces s\u00e9curitaires et le d\u00e9veloppement durable de l&rsquo;Afrique et enfin la r\u00e9alisation effective de la Zone de Libre-\u00e9change ZLECAF<\/p>\t\t\t\t\t\t<\/div>\n\t\t\t\t<\/div>\n\t\t\t\t\t<\/div>\n\t\t<\/div>\n\t\t\t\t\t\t\t<\/div>\n\t\t<\/section>\n\t\t\t\t<section class=\"elementor-section elementor-top-section elementor-element elementor-element-15c4d19 elementor-section-boxed elementor-section-height-default elementor-section-height-default\" data-id=\"15c4d19\" data-element_type=\"section\" data-settings=\"{&quot;_ha_eqh_enable&quot;:false}\">\n\t\t\t\t\t\t<div class=\"elementor-container elementor-column-gap-default\">\n\t\t\t\t\t<div class=\"elementor-column elementor-col-100 elementor-top-column elementor-element elementor-element-957ef1d\" data-id=\"957ef1d\" data-element_type=\"column\">\n\t\t\t<div class=\"elementor-widget-wrap elementor-element-populated\">\n\t\t\t\t\t\t\t\t<div class=\"elementor-element elementor-element-5c7fd3a elementor-widget elementor-widget-text-editor\" data-id=\"5c7fd3a\" data-element_type=\"widget\" data-widget_type=\"text-editor.default\">\n\t\t\t\t<div class=\"elementor-widget-container\">\n\t\t\t\t\t\t\t<p>En ce qui concerne la\u00a0<b>Diplomatie culturelle et religieuse<\/b>, le Pr\u00e9sident de l&rsquo;ADA en compagnie du Repr\u00e9sentant \u00e0 Gen\u00e8ve ont rencontr\u00e9\u00a0<b>le Dr Farhad Afshar<\/b>\u00a0Pr\u00e9sident du KIOS, Coordination des Organisations Islamiques en Suisse, avec qui ils ont discut\u00e9 d&rsquo;un important projet de l&rsquo;ADA concernant l&rsquo;ensemble de la Ummah Islamique dans ses relations avec\u00a0\u00a0le reste du Monde<\/p>\t\t\t\t\t\t<\/div>\n\t\t\t\t<\/div>\n\t\t\t\t\t<\/div>\n\t\t<\/div>\n\t\t\t\t\t\t\t<\/div>\n\t\t<\/section>\n\t\t\t\t<section class=\"elementor-section elementor-top-section elementor-element elementor-element-e6579df elementor-section-boxed elementor-section-height-default elementor-section-height-default\" data-id=\"e6579df\" data-element_type=\"section\" data-settings=\"{&quot;_ha_eqh_enable&quot;:false}\">\n\t\t\t\t\t\t<div class=\"elementor-container elementor-column-gap-default\">\n\t\t\t\t\t<div class=\"elementor-column elementor-col-100 elementor-top-column elementor-element elementor-element-b4178f8\" data-id=\"b4178f8\" data-element_type=\"column\">\n\t\t\t<div class=\"elementor-widget-wrap elementor-element-populated\">\n\t\t\t\t\t\t\t\t<div class=\"elementor-element elementor-element-606776a elementor-widget elementor-widget-text-editor\" data-id=\"606776a\" data-element_type=\"widget\" data-widget_type=\"text-editor.default\">\n\t\t\t\t<div class=\"elementor-widget-container\">\n\t\t\t\t\t\t\t<p>L&rsquo;ADA a charg\u00e9 le Pr\u00e9sident du KIOS, qui a accept\u00e9, de la mission de sensibiliser et de mobiliser les organisations et les \u00e9minentes personnalit\u00e9s de la Ummah Islamique susceptibles de rendre ce projet r\u00e9alisable.<\/p>\t\t\t\t\t\t<\/div>\n\t\t\t\t<\/div>\n\t\t\t\t\t<\/div>\n\t\t<\/div>\n\t\t\t\t\t\t\t<\/div>\n\t\t<\/section>\n\t\t\t\t<section class=\"elementor-section elementor-top-section elementor-element elementor-element-69c797b elementor-section-boxed elementor-section-height-default elementor-section-height-default\" data-id=\"69c797b\" data-element_type=\"section\" data-settings=\"{&quot;_ha_eqh_enable&quot;:false}\">\n\t\t\t\t\t\t<div class=\"elementor-container elementor-column-gap-default\">\n\t\t\t\t\t<div class=\"elementor-column elementor-col-100 elementor-top-column elementor-element elementor-element-8e93050\" data-id=\"8e93050\" data-element_type=\"column\">\n\t\t\t<div class=\"elementor-widget-wrap elementor-element-populated\">\n\t\t\t\t\t\t\t\t<div class=\"elementor-element elementor-element-50c0387 elementor-widget elementor-widget-text-editor\" data-id=\"50c0387\" data-element_type=\"widget\" data-widget_type=\"text-editor.default\">\n\t\t\t\t<div class=\"elementor-widget-container\">\n\t\t\t\t\t\t\t<p>Enfin, le Pr\u00e9sident de l&rsquo;ADA a convenu de proposer des axes de coop\u00e9ration au Think Tank d\u00e9nomm\u00e9 \u00ab\u00a0Le Centre International de G\u00e9opolitique et de Prospective Analytique<strong>\u00a0(CIGPA\u00a0) bas\u00e9 \u00e0 Paris :\u00a0<\/strong><cite><a href=\"https:\/\/cigpa.org\/\" target=\"_blank\" rel=\"nofollow noopener\" data-saferedirecturl=\"https:\/\/www.google.com\/url?q=https:\/\/cigpa.org\/&amp;source=gmail&amp;ust=1680708725715000&amp;usg=AOvVaw2y56ja3WanTGfHVkhnlOZX\">https:\/\/cigpa.org<\/a><\/cite>\u00a0qui a fait ses preuves en organisant d&rsquo;.importantes manifestations sur des sujets d&rsquo;importance internationale.<\/p>\t\t\t\t\t\t<\/div>\n\t\t\t\t<\/div>\n\t\t\t\t\t<\/div>\n\t\t<\/div>\n\t\t\t\t\t\t\t<\/div>\n\t\t<\/section>\n\t\t\t\t<section class=\"elementor-section elementor-top-section elementor-element elementor-element-cb39cc2 elementor-section-boxed elementor-section-height-default elementor-section-height-default\" data-id=\"cb39cc2\" data-element_type=\"section\" data-settings=\"{&quot;_ha_eqh_enable&quot;:false}\">\n\t\t\t\t\t\t<div class=\"elementor-container elementor-column-gap-default\">\n\t\t\t\t\t<div class=\"elementor-column elementor-col-100 elementor-top-column elementor-element elementor-element-31b1fb2\" data-id=\"31b1fb2\" data-element_type=\"column\">\n\t\t\t<div class=\"elementor-widget-wrap elementor-element-populated\">\n\t\t\t\t\t\t\t\t<div class=\"elementor-element elementor-element-a2b2208 elementor-widget elementor-widget-text-editor\" data-id=\"a2b2208\" data-element_type=\"widget\" data-widget_type=\"text-editor.default\">\n\t\t\t\t<div class=\"elementor-widget-container\">\n\t\t\t\t\t\t\t<p>Ce partenariat entre l\u2019ADA et cette organisation pr\u00e9sid\u00e9e par\u00a0<b>SEM Haddad MEZRI<\/b>\u00a0ancien Ambassadeur de la Tunisie a l&rsquo;UNESCO et Conseiller Sp\u00e9cial de l&rsquo;ADA aupr\u00e8s de l&rsquo;UE contribuera sans aucun doute au maillage intellectuel et Diplomatique de nos organisations au profit de l&rsquo;Afrique.<\/p>\t\t\t\t\t\t<\/div>\n\t\t\t\t<\/div>\n\t\t\t\t\t<\/div>\n\t\t<\/div>\n\t\t\t\t\t\t\t<\/div>\n\t\t<\/section>\n\t\t\t\t<section class=\"elementor-section elementor-top-section elementor-element elementor-element-6581451 elementor-section-boxed elementor-section-height-default elementor-section-height-default\" data-id=\"6581451\" data-element_type=\"section\" data-settings=\"{&quot;_ha_eqh_enable&quot;:false}\">\n\t\t\t\t\t\t<div class=\"elementor-container elementor-column-gap-default\">\n\t\t\t\t\t<div class=\"elementor-column elementor-col-100 elementor-top-column elementor-element elementor-element-3f35784\" data-id=\"3f35784\" data-element_type=\"column\">\n\t\t\t<div class=\"elementor-widget-wrap elementor-element-populated\">\n\t\t\t\t\t\t\t\t<div class=\"elementor-element elementor-element-229695c elementor-widget elementor-widget-image\" data-id=\"229695c\" data-element_type=\"widget\" data-widget_type=\"image.default\">\n\t\t\t\t<div class=\"elementor-widget-container\">\n\t\t\t<style>\/*! elementor - v3.15.0 - 09-08-2023 *\/\n.elementor-widget-image{text-align:center}.elementor-widget-image a{display:inline-block}.elementor-widget-image a img[src$=\".svg\"]{width:48px}.elementor-widget-image img{vertical-align:middle;display:inline-block}<\/style>\t\t\t\t\t\t\t\t\t<figure class=\"wp-caption\">\n\t\t\t\t\t\t\t\t\t\t<img decoding=\"async\" width=\"1024\" height=\"576\" src=\"https:\/\/acadiploafricaine.org\/wp-content\/uploads\/2023\/04\/1680525341269blob-1024x576.jpg\" class=\"attachment-large size-large wp-image-2568\" alt=\"\" loading=\"lazy\" srcset=\"https:\/\/acadiploafricaine.org\/wp-content\/uploads\/2023\/04\/1680525341269blob-1024x576.jpg 1024w, https:\/\/acadiploafricaine.org\/wp-content\/uploads\/2023\/04\/1680525341269blob-300x169.jpg 300w, https:\/\/acadiploafricaine.org\/wp-content\/uploads\/2023\/04\/1680525341269blob-768x432.jpg 768w, https:\/\/acadiploafricaine.org\/wp-content\/uploads\/2023\/04\/1680525341269blob-18x10.jpg 18w, https:\/\/acadiploafricaine.org\/wp-content\/uploads\/2023\/04\/1680525341269blob.jpg 1280w\" sizes=\"(max-width: 1024px) 100vw, 1024px\" \/>\t\t\t\t\t\t\t\t\t\t\t<figcaption class=\"widget-image-caption wp-caption-text\">MEZRI HADDAD PRESIDENT CIGPA<\/figcaption>\n\t\t\t\t\t\t\t\t\t\t<\/figure>\n\t\t\t\t\t\t\t\t\t<\/div>\n\t\t\t\t<\/div>\n\t\t\t\t\t<\/div>\n\t\t<\/div>\n\t\t\t\t\t\t\t<\/div>\n\t\t<\/section>\n\t\t\t\t<section class=\"elementor-section elementor-top-section elementor-element elementor-element-c71ad12 elementor-section-boxed elementor-section-height-default elementor-section-height-default\" data-id=\"c71ad12\" data-element_type=\"section\" data-settings=\"{&quot;_ha_eqh_enable&quot;:false}\">\n\t\t\t\t\t\t<div class=\"elementor-container elementor-column-gap-default\">\n\t\t\t\t\t<div class=\"elementor-column elementor-col-50 elementor-top-column elementor-element elementor-element-d731e4f\" data-id=\"d731e4f\" data-element_type=\"column\">\n\t\t\t<div class=\"elementor-widget-wrap elementor-element-populated\">\n\t\t\t\t\t\t\t\t<div class=\"elementor-element elementor-element-6920302 elementor-widget elementor-widget-image\" data-id=\"6920302\" data-element_type=\"widget\" data-widget_type=\"image.default\">\n\t\t\t\t<div class=\"elementor-widget-container\">\n\t\t\t\t\t\t\t\t\t\t\t\t<figure class=\"wp-caption\">\n\t\t\t\t\t\t\t\t\t\t<img decoding=\"async\" width=\"768\" height=\"1024\" src=\"https:\/\/acadiploafricaine.org\/wp-content\/uploads\/2023\/04\/IMG-20230329-WA0024-768x1024.jpg\" class=\"attachment-large size-large wp-image-2569\" alt=\"\" loading=\"lazy\" srcset=\"https:\/\/acadiploafricaine.org\/wp-content\/uploads\/2023\/04\/IMG-20230329-WA0024-768x1024.jpg 768w, https:\/\/acadiploafricaine.org\/wp-content\/uploads\/2023\/04\/IMG-20230329-WA0024-225x300.jpg 225w, https:\/\/acadiploafricaine.org\/wp-content\/uploads\/2023\/04\/IMG-20230329-WA0024-9x12.jpg 9w, https:\/\/acadiploafricaine.org\/wp-content\/uploads\/2023\/04\/IMG-20230329-WA0024.jpg 960w\" sizes=\"(max-width: 768px) 100vw, 768px\" \/>\t\t\t\t\t\t\t\t\t\t\t<figcaption class=\"widget-image-caption wp-caption-text\">De gauche \u00e0 droite Maitre Abdeldjellil, SEM Aboulatta et le Pr\u00e9sident NGOM<\/figcaption>\n\t\t\t\t\t\t\t\t\t\t<\/figure>\n\t\t\t\t\t\t\t\t\t<\/div>\n\t\t\t\t<\/div>\n\t\t\t\t\t<\/div>\n\t\t<\/div>\n\t\t\t\t<div class=\"elementor-column elementor-col-50 elementor-top-column elementor-element elementor-element-cd3a59e\" data-id=\"cd3a59e\" data-element_type=\"column\">\n\t\t\t<div class=\"elementor-widget-wrap elementor-element-populated\">\n\t\t\t\t\t\t\t\t<div class=\"elementor-element elementor-element-c7a4106 elementor-widget elementor-widget-image\" data-id=\"c7a4106\" data-element_type=\"widget\" data-widget_type=\"image.default\">\n\t\t\t\t<div class=\"elementor-widget-container\">\n\t\t\t\t\t\t\t\t\t\t\t\t<figure class=\"wp-caption\">\n\t\t\t\t\t\t\t\t\t\t<img decoding=\"async\" width=\"576\" height=\"1024\" src=\"https:\/\/acadiploafricaine.org\/wp-content\/uploads\/2023\/04\/IMG-20230330-WA0048-576x1024.jpg\" class=\"attachment-large size-large wp-image-2570\" alt=\"\" loading=\"lazy\" srcset=\"https:\/\/acadiploafricaine.org\/wp-content\/uploads\/2023\/04\/IMG-20230330-WA0048-576x1024.jpg 576w, https:\/\/acadiploafricaine.org\/wp-content\/uploads\/2023\/04\/IMG-20230330-WA0048-169x300.jpg 169w, https:\/\/acadiploafricaine.org\/wp-content\/uploads\/2023\/04\/IMG-20230330-WA0048-768x1365.jpg 768w, https:\/\/acadiploafricaine.org\/wp-content\/uploads\/2023\/04\/IMG-20230330-WA0048-864x1536.jpg 864w, https:\/\/acadiploafricaine.org\/wp-content\/uploads\/2023\/04\/IMG-20230330-WA0048-7x12.jpg 7w, https:\/\/acadiploafricaine.org\/wp-content\/uploads\/2023\/04\/IMG-20230330-WA0048.jpg 1148w\" sizes=\"(max-width: 576px) 100vw, 576px\" \/>\t\t\t\t\t\t\t\t\t\t\t<figcaption class=\"widget-image-caption wp-caption-text\">Dr Afshar  et Dr Ngom<\/figcaption>\n\t\t\t\t\t\t\t\t\t\t<\/figure>\n\t\t\t\t\t\t\t\t\t<\/div>\n\t\t\t\t<\/div>\n\t\t\t\t\t<\/div>\n\t\t<\/div>\n\t\t\t\t\t\t\t<\/div>\n\t\t<\/section>\n\t\t\t\t\t\t\t<\/div>","protected":false},"excerpt":{"rendered":"<p>SEJOUR DU PRESIDENT DE L\u2019ADA EN SUISSE Du 27 au 31 Mars 2023 le Pr\u00e9sident de l&rsquo;ADA Beno\u00eet Saliou NGOM a effectu\u00e9 un s\u00e9jour en Suisse pour renforcer la pr\u00e9sence de son organisation dans ce pays et lancer des programmes \u00e0 vocation internationale relatifs \u00e0 la Diplomatie \u00e9conomique ou culturelle A cet \u00e9gard, en compagnie &hellip;<\/p>\n<p class=\"read-more\"> <a class=\"\" href=\"https:\/\/acadiploafricaine.org\/en\/visites\/\"> <span class=\"screen-reader-text\">Visits<\/span> Read More &raquo;<\/a><\/p>","protected":false},"author":5,"featured_media":0,"parent":0,"menu_order":0,"comment_status":"closed","ping_status":"closed","template":"","meta":{"site-sidebar-layout":"no-sidebar","site-content-layout":"page-builder","ast-global-header-display":"","ast-main-header-display":"","ast-hfb-above-header-display":"","ast-hfb-below-header-display":"","ast-hfb-mobile-header-display":"","site-post-title":"","ast-breadcrumbs-content":"","ast-featured-img":"disabled","footer-sml-layout":"","theme-transparent-header-meta":"","adv-header-id-meta":"","stick-header-meta":"","header-above-stick-meta":"","header-main-stick-meta":"","header-below-stick-meta":""},"_links":{"self":[{"href":"https:\/\/acadiploafricaine.org\/en\/wp-json\/wp\/v2\/pages\/1386"}],"collection":[{"href":"https:\/\/acadiploafricaine.org\/en\/wp-json\/wp\/v2\/pages"}],"about":[{"href":"https:\/\/acadiploafricaine.org\/en\/wp-json\/wp\/v2\/types\/page"}],"author":[{"embeddable":true,"href":"https:\/\/acadiploafricaine.org\/en\/wp-json\/wp\/v2\/users\/5"}],"replies":[{"embeddable":true,"href":"https:\/\/acadiploafricaine.org\/en\/wp-json\/wp\/v2\/comments?post=1386"}],"version-history":[{"count":10,"href":"https:\/\/acadiploafricaine.org\/en\/wp-json\/wp\/v2\/pages\/1386\/revisions"}],"predecessor-version":[{"id":2576,"href":"https:\/\/acadiploafricaine.org\/en\/wp-json\/wp\/v2\/pages\/1386\/revisions\/2576"}],"wp:attachment":[{"href":"https:\/\/acadiploafricaine.org\/en\/wp-json\/wp\/v2\/media?parent=1386"}],"curies":[{"name":"wp","href":"https:\/\/api.w.org\/{rel}","templated":true}]}}