{"id":2052,"date":"2023-02-03T16:08:49","date_gmt":"2023-02-03T16:08:49","guid":{"rendered":"http:\/\/acadiploafricaine.org\/?page_id=2052"},"modified":"2023-02-03T19:07:19","modified_gmt":"2023-02-03T19:07:19","slug":"bureau-de-los-angeles","status":"publish","type":"page","link":"https:\/\/acadiploafricaine.org\/en\/bureau-de-los-angeles\/","title":{"rendered":"Los Angeles office"},"content":{"rendered":"<div data-elementor-type=\"wp-page\" data-elementor-id=\"2052\" class=\"elementor elementor-2052\">\n\t\t\t\t\t\t\t\t\t<section class=\"elementor-section elementor-top-section elementor-element elementor-element-efdb8dd elementor-section-boxed elementor-section-height-default elementor-section-height-default\" data-id=\"efdb8dd\" data-element_type=\"section\" data-settings=\"{&quot;_ha_eqh_enable&quot;:false}\">\n\t\t\t\t\t\t<div class=\"elementor-container elementor-column-gap-default\">\n\t\t\t\t\t<div class=\"elementor-column elementor-col-100 elementor-top-column elementor-element elementor-element-b67a940\" data-id=\"b67a940\" data-element_type=\"column\">\n\t\t\t<div class=\"elementor-widget-wrap elementor-element-populated\">\n\t\t\t\t\t\t\t\t<div class=\"elementor-element elementor-element-2cdd438 elementor-widget elementor-widget-text-editor\" data-id=\"2cdd438\" data-element_type=\"widget\" data-widget_type=\"text-editor.default\">\n\t\t\t\t<div class=\"elementor-widget-container\">\n\t\t\t<style>\/*! elementor - v3.15.0 - 09-08-2023 *\/\n.elementor-widget-text-editor.elementor-drop-cap-view-stacked .elementor-drop-cap{background-color:#69727d;color:#fff}.elementor-widget-text-editor.elementor-drop-cap-view-framed .elementor-drop-cap{color:#69727d;border:3px solid;background-color:transparent}.elementor-widget-text-editor:not(.elementor-drop-cap-view-default) .elementor-drop-cap{margin-top:8px}.elementor-widget-text-editor:not(.elementor-drop-cap-view-default) .elementor-drop-cap-letter{width:1em;height:1em}.elementor-widget-text-editor .elementor-drop-cap{float:left;text-align:center;line-height:1;font-size:50px}.elementor-widget-text-editor .elementor-drop-cap-letter{display:inline-block}<\/style>\t\t\t\t<p>L&rsquo;ADA a cr\u00e9\u00e9 le Bureau de Los Angeles pour couvrir l&rsquo;Etat de Californie\u00a0le Golden State, le plus riche des USA et qui occupe la place du 5e puissance \u00e9conomique du Monde.<\/p>\t\t\t\t\t\t<\/div>\n\t\t\t\t<\/div>\n\t\t\t\t\t<\/div>\n\t\t<\/div>\n\t\t\t\t\t\t\t<\/div>\n\t\t<\/section>\n\t\t\t\t<section class=\"elementor-section elementor-top-section elementor-element elementor-element-17b4ff7 elementor-section-boxed elementor-section-height-default elementor-section-height-default\" data-id=\"17b4ff7\" data-element_type=\"section\" data-settings=\"{&quot;_ha_eqh_enable&quot;:false}\">\n\t\t\t\t\t\t<div class=\"elementor-container elementor-column-gap-default\">\n\t\t\t\t\t<div class=\"elementor-column elementor-col-100 elementor-top-column elementor-element elementor-element-0c968a6\" data-id=\"0c968a6\" data-element_type=\"column\">\n\t\t\t<div class=\"elementor-widget-wrap elementor-element-populated\">\n\t\t\t\t\t\t\t\t<div class=\"elementor-element elementor-element-ff015d1 elementor-widget elementor-widget-text-editor\" data-id=\"ff015d1\" data-element_type=\"widget\" data-widget_type=\"text-editor.default\">\n\t\t\t\t<div class=\"elementor-widget-container\">\n\t\t\t\t\t\t\t<p>La Californie est l&rsquo;Etat qui entretient d\u2019importants \u00e9changes touristiques avec les pays africains.<\/p>\t\t\t\t\t\t<\/div>\n\t\t\t\t<\/div>\n\t\t\t\t\t<\/div>\n\t\t<\/div>\n\t\t\t\t\t\t\t<\/div>\n\t\t<\/section>\n\t\t\t\t<section class=\"elementor-section elementor-top-section elementor-element elementor-element-6d3cf9f elementor-section-boxed elementor-section-height-default elementor-section-height-default\" data-id=\"6d3cf9f\" data-element_type=\"section\" data-settings=\"{&quot;_ha_eqh_enable&quot;:false}\">\n\t\t\t\t\t\t<div class=\"elementor-container elementor-column-gap-default\">\n\t\t\t\t\t<div class=\"elementor-column elementor-col-100 elementor-top-column elementor-element elementor-element-28ccf57\" data-id=\"28ccf57\" data-element_type=\"column\">\n\t\t\t<div class=\"elementor-widget-wrap elementor-element-populated\">\n\t\t\t\t\t\t\t\t<div class=\"elementor-element elementor-element-4d27788 elementor-widget elementor-widget-text-editor\" data-id=\"4d27788\" data-element_type=\"widget\" data-widget_type=\"text-editor.default\">\n\t\t\t\t<div class=\"elementor-widget-container\">\n\t\t\t\t\t\t\t<p>Par ailleurs cet \u00c9tat, vu sa proximit\u00e9 avec l&rsquo;Am\u00e9rique latine, terre d&rsquo;une des diasporas africaines les plus importantes au Monde, ne pouvait qu&rsquo;int\u00e9resser au plus haut point l&rsquo;ADA.<\/p>\t\t\t\t\t\t<\/div>\n\t\t\t\t<\/div>\n\t\t\t\t\t<\/div>\n\t\t<\/div>\n\t\t\t\t\t\t\t<\/div>\n\t\t<\/section>\n\t\t\t\t<section class=\"elementor-section elementor-top-section elementor-element elementor-element-68eb36a elementor-section-boxed elementor-section-height-default elementor-section-height-default\" data-id=\"68eb36a\" data-element_type=\"section\" data-settings=\"{&quot;_ha_eqh_enable&quot;:false}\">\n\t\t\t\t\t\t<div class=\"elementor-container elementor-column-gap-default\">\n\t\t\t\t\t<div class=\"elementor-column elementor-col-100 elementor-top-column elementor-element elementor-element-11ea986\" data-id=\"11ea986\" data-element_type=\"column\">\n\t\t\t<div class=\"elementor-widget-wrap elementor-element-populated\">\n\t\t\t\t\t\t\t\t<div class=\"elementor-element elementor-element-2511b02 elementor-widget elementor-widget-text-editor\" data-id=\"2511b02\" data-element_type=\"widget\" data-widget_type=\"text-editor.default\">\n\t\t\t\t<div class=\"elementor-widget-container\">\n\t\t\t\t\t\t\t<p>C&rsquo;est dans cet esprit que Madame\u00a0<b>Adrienne Bambou Diagne<\/b>\u00a0de nationalit\u00e9 s\u00e9n\u00e9galaise qui a une grande connaissance des pays africains qu&rsquo;elle, a parcouru dans son engagement \u00e0 M\u00e9decin Sans Fronti\u00e8res, organisation Prix Nobel.<\/p>\t\t\t\t\t\t<\/div>\n\t\t\t\t<\/div>\n\t\t\t\t\t<\/div>\n\t\t<\/div>\n\t\t\t\t\t\t\t<\/div>\n\t\t<\/section>\n\t\t\t\t<section class=\"elementor-section elementor-top-section elementor-element elementor-element-0ac2ddd elementor-section-boxed elementor-section-height-default elementor-section-height-default\" data-id=\"0ac2ddd\" data-element_type=\"section\" data-settings=\"{&quot;_ha_eqh_enable&quot;:false}\">\n\t\t\t\t\t\t<div class=\"elementor-container elementor-column-gap-default\">\n\t\t\t\t\t<div class=\"elementor-column elementor-col-100 elementor-top-column elementor-element elementor-element-158dba7\" data-id=\"158dba7\" data-element_type=\"column\">\n\t\t\t<div class=\"elementor-widget-wrap elementor-element-populated\">\n\t\t\t\t\t\t\t\t<div class=\"elementor-element elementor-element-d75aedb elementor-widget elementor-widget-text-editor\" data-id=\"d75aedb\" data-element_type=\"widget\" data-widget_type=\"text-editor.default\">\n\t\t\t\t<div class=\"elementor-widget-container\">\n\t\t\t\t\t\t\t<p>Madame Diagne qui vit aux USA\u00a0\u00a0depuis une vingtaine d&rsquo;ann\u00e9es a l&rsquo;avantage d&rsquo;\u00eatre polyglotte parlant l&rsquo;anglais le fran\u00e7ais, l&rsquo;espagnol et d&rsquo;autres langues couramment ce qui lui a permis d\u2019\u00eatre en contact r\u00e9gulier avec la Diaspora africaine consid\u00e9r\u00e9e par l\u2019Union Africaine comme sa 6<sup>e<\/sup>\u00a0R\u00e9gion<\/p>\t\t\t\t\t\t<\/div>\n\t\t\t\t<\/div>\n\t\t\t\t\t<\/div>\n\t\t<\/div>\n\t\t\t\t\t\t\t<\/div>\n\t\t<\/section>\n\t\t\t\t<section class=\"elementor-section elementor-top-section elementor-element elementor-element-3ec1c92 elementor-section-boxed elementor-section-height-default elementor-section-height-default\" data-id=\"3ec1c92\" data-element_type=\"section\" data-settings=\"{&quot;_ha_eqh_enable&quot;:false}\">\n\t\t\t\t\t\t<div class=\"elementor-container elementor-column-gap-default\">\n\t\t\t\t\t<div class=\"elementor-column elementor-col-50 elementor-top-column elementor-element elementor-element-15a81b2\" data-id=\"15a81b2\" data-element_type=\"column\">\n\t\t\t<div class=\"elementor-widget-wrap elementor-element-populated\">\n\t\t\t\t\t\t\t\t<div class=\"elementor-element elementor-element-dd3bf11 elementor-widget elementor-widget-image\" data-id=\"dd3bf11\" data-element_type=\"widget\" data-widget_type=\"image.default\">\n\t\t\t\t<div class=\"elementor-widget-container\">\n\t\t\t<style>\/*! elementor - v3.15.0 - 09-08-2023 *\/\n.elementor-widget-image{text-align:center}.elementor-widget-image a{display:inline-block}.elementor-widget-image a img[src$=\".svg\"]{width:48px}.elementor-widget-image img{vertical-align:middle;display:inline-block}<\/style>\t\t\t\t\t\t\t\t\t\t\t\t\t<a href=\"http:\/\/acadiploafricaine.org\/wp-content\/uploads\/2023\/02\/IMG-20221116-WA0061.jpg\" data-elementor-open-lightbox=\"yes\" data-elementor-lightbox-title=\"IMG-20221116-WA0061\" data-e-action-hash=\"#elementor-action%3Aaction%3Dlightbox%26settings%3DeyJpZCI6MjE4MCwidXJsIjoiaHR0cHM6XC9cL2FjYWRpcGxvYWZyaWNhaW5lLm9yZ1wvd3AtY29udGVudFwvdXBsb2Fkc1wvMjAyM1wvMDJcL0lNRy0yMDIyMTExNi1XQTAwNjEuanBnIn0%3D\">\n\t\t\t\t\t\t\t<img decoding=\"async\" width=\"800\" height=\"438\" src=\"https:\/\/acadiploafricaine.org\/wp-content\/uploads\/2023\/02\/IMG-20221116-WA0061.jpg\" class=\"attachment-large size-large wp-image-2180\" alt=\"\" loading=\"lazy\" srcset=\"https:\/\/acadiploafricaine.org\/wp-content\/uploads\/2023\/02\/IMG-20221116-WA0061.jpg 800w, https:\/\/acadiploafricaine.org\/wp-content\/uploads\/2023\/02\/IMG-20221116-WA0061-300x164.jpg 300w, https:\/\/acadiploafricaine.org\/wp-content\/uploads\/2023\/02\/IMG-20221116-WA0061-768x420.jpg 768w, https:\/\/acadiploafricaine.org\/wp-content\/uploads\/2023\/02\/IMG-20221116-WA0061-18x10.jpg 18w\" sizes=\"(max-width: 800px) 100vw, 800px\" \/>\t\t\t\t\t\t\t\t<\/a>\n\t\t\t\t\t\t\t\t\t\t\t\t\t\t\t<\/div>\n\t\t\t\t<\/div>\n\t\t\t\t\t<\/div>\n\t\t<\/div>\n\t\t\t\t<div class=\"elementor-column elementor-col-50 elementor-top-column elementor-element elementor-element-fe01ddb\" data-id=\"fe01ddb\" data-element_type=\"column\">\n\t\t\t<div class=\"elementor-widget-wrap elementor-element-populated\">\n\t\t\t\t\t\t\t\t<div class=\"elementor-element elementor-element-dc41e01 elementor-widget elementor-widget-image\" data-id=\"dc41e01\" data-element_type=\"widget\" data-widget_type=\"image.default\">\n\t\t\t\t<div class=\"elementor-widget-container\">\n\t\t\t\t\t\t\t\t\t\t\t\t\t\t\t\t<a href=\"http:\/\/acadiploafricaine.org\/wp-content\/uploads\/2023\/02\/IMG-20221116-WA0060.jpg\" data-elementor-open-lightbox=\"yes\" data-elementor-lightbox-title=\"IMG-20221116-WA0060\" data-e-action-hash=\"#elementor-action%3Aaction%3Dlightbox%26settings%3DeyJpZCI6MjE4NywidXJsIjoiaHR0cHM6XC9cL2FjYWRpcGxvYWZyaWNhaW5lLm9yZ1wvd3AtY29udGVudFwvdXBsb2Fkc1wvMjAyM1wvMDJcL0lNRy0yMDIyMTExNi1XQTAwNjAuanBnIn0%3D\">\n\t\t\t\t\t\t\t<img decoding=\"async\" width=\"1024\" height=\"561\" src=\"https:\/\/acadiploafricaine.org\/wp-content\/uploads\/2023\/02\/IMG-20221116-WA0060-1024x561.jpg\" class=\"attachment-large size-large wp-image-2187\" alt=\"\" loading=\"lazy\" srcset=\"https:\/\/acadiploafricaine.org\/wp-content\/uploads\/2023\/02\/IMG-20221116-WA0060-1024x561.jpg 1024w, https:\/\/acadiploafricaine.org\/wp-content\/uploads\/2023\/02\/IMG-20221116-WA0060-300x164.jpg 300w, https:\/\/acadiploafricaine.org\/wp-content\/uploads\/2023\/02\/IMG-20221116-WA0060-768x420.jpg 768w, https:\/\/acadiploafricaine.org\/wp-content\/uploads\/2023\/02\/IMG-20221116-WA0060-1536x841.jpg 1536w, https:\/\/acadiploafricaine.org\/wp-content\/uploads\/2023\/02\/IMG-20221116-WA0060-18x10.jpg 18w, https:\/\/acadiploafricaine.org\/wp-content\/uploads\/2023\/02\/IMG-20221116-WA0060.jpg 2048w\" sizes=\"(max-width: 1024px) 100vw, 1024px\" \/>\t\t\t\t\t\t\t\t<\/a>\n\t\t\t\t\t\t\t\t\t\t\t\t\t\t\t<\/div>\n\t\t\t\t<\/div>\n\t\t\t\t\t<\/div>\n\t\t<\/div>\n\t\t\t\t\t\t\t<\/div>\n\t\t<\/section>\n\t\t\t\t<section class=\"elementor-section elementor-top-section elementor-element elementor-element-bf8380b elementor-section-boxed elementor-section-height-default elementor-section-height-default\" data-id=\"bf8380b\" data-element_type=\"section\" data-settings=\"{&quot;_ha_eqh_enable&quot;:false}\">\n\t\t\t\t\t\t<div class=\"elementor-container elementor-column-gap-default\">\n\t\t\t\t\t<div class=\"elementor-column elementor-col-100 elementor-top-column elementor-element elementor-element-9579d3f\" data-id=\"9579d3f\" data-element_type=\"column\">\n\t\t\t<div class=\"elementor-widget-wrap elementor-element-populated\">\n\t\t\t\t\t\t\t\t<div class=\"elementor-element elementor-element-ba2aa99 elementor-widget elementor-widget-text-editor\" data-id=\"ba2aa99\" data-element_type=\"widget\" data-widget_type=\"text-editor.default\">\n\t\t\t\t<div class=\"elementor-widget-container\">\n\t\t\t\t\t\t\t<p><b>Mme la Repr\u00e9sentante de l&rsquo;ADA en Californie a soutenu la visite africaine\u00a0effectu\u00e9e, en Janvier 2023 en Afrique notamment au S\u00e9n\u00e9gal et au Ghana, par Monsieur Curren Price qui est un homme politique du Parti D\u00e9mocrate et ancien S\u00e9nateur de l&rsquo;Etat de Californie.<\/b><\/p><p><b>Par ailleurs Mme Diagne a repr\u00e9sent\u00e9 l\u2019ADA dans de nombreuses manifestations qui se sont d\u00e9roul\u00e9es aux US parmi lesquelles celles \u00a0sont illustr\u00e9es par les diff\u00e9rentes photos\u00a0<\/b><\/p>\t\t\t\t\t\t<\/div>\n\t\t\t\t<\/div>\n\t\t\t\t\t<\/div>\n\t\t<\/div>\n\t\t\t\t\t\t\t<\/div>\n\t\t<\/section>\n\t\t\t\t<section class=\"elementor-section elementor-top-section elementor-element elementor-element-29feb95 elementor-section-boxed elementor-section-height-default elementor-section-height-default\" data-id=\"29feb95\" data-element_type=\"section\" data-settings=\"{&quot;_ha_eqh_enable&quot;:false}\">\n\t\t\t\t\t\t<div class=\"elementor-container elementor-column-gap-default\">\n\t\t\t\t\t<div class=\"elementor-column elementor-col-16 elementor-top-column elementor-element elementor-element-fbcfcf8\" data-id=\"fbcfcf8\" data-element_type=\"column\">\n\t\t\t<div class=\"elementor-widget-wrap elementor-element-populated\">\n\t\t\t\t\t\t\t\t<div class=\"elementor-element elementor-element-bbebd09 elementor-widget elementor-widget-image\" data-id=\"bbebd09\" data-element_type=\"widget\" data-widget_type=\"image.default\">\n\t\t\t\t<div class=\"elementor-widget-container\">\n\t\t\t\t\t\t\t\t\t\t\t\t\t\t\t<img decoding=\"async\" width=\"768\" height=\"1024\" src=\"https:\/\/acadiploafricaine.org\/wp-content\/uploads\/2023\/02\/IMG-20221107-WA0014-768x1024.jpg\" class=\"attachment-large size-large wp-image-2059\" alt=\"\" loading=\"lazy\" srcset=\"https:\/\/acadiploafricaine.org\/wp-content\/uploads\/2023\/02\/IMG-20221107-WA0014-768x1024.jpg 768w, https:\/\/acadiploafricaine.org\/wp-content\/uploads\/2023\/02\/IMG-20221107-WA0014-225x300.jpg 225w, https:\/\/acadiploafricaine.org\/wp-content\/uploads\/2023\/02\/IMG-20221107-WA0014-1152x1536.jpg 1152w, https:\/\/acadiploafricaine.org\/wp-content\/uploads\/2023\/02\/IMG-20221107-WA0014-9x12.jpg 9w, https:\/\/acadiploafricaine.org\/wp-content\/uploads\/2023\/02\/IMG-20221107-WA0014.jpg 1536w\" sizes=\"(max-width: 768px) 100vw, 768px\" \/>\t\t\t\t\t\t\t\t\t\t\t\t\t\t\t<\/div>\n\t\t\t\t<\/div>\n\t\t\t\t\t<\/div>\n\t\t<\/div>\n\t\t\t\t<div class=\"elementor-column elementor-col-16 elementor-top-column elementor-element elementor-element-570ab93\" data-id=\"570ab93\" data-element_type=\"column\">\n\t\t\t<div class=\"elementor-widget-wrap elementor-element-populated\">\n\t\t\t\t\t\t\t\t<div class=\"elementor-element elementor-element-8055af0 elementor-widget elementor-widget-image\" data-id=\"8055af0\" data-element_type=\"widget\" data-widget_type=\"image.default\">\n\t\t\t\t<div class=\"elementor-widget-container\">\n\t\t\t\t\t\t\t\t\t\t\t\t\t\t\t<img decoding=\"async\" width=\"828\" height=\"1012\" src=\"https:\/\/acadiploafricaine.org\/wp-content\/uploads\/2023\/02\/IMG-20230118-WA0009.jpg\" class=\"attachment-large size-large wp-image-2063\" alt=\"\" loading=\"lazy\" srcset=\"https:\/\/acadiploafricaine.org\/wp-content\/uploads\/2023\/02\/IMG-20230118-WA0009.jpg 828w, https:\/\/acadiploafricaine.org\/wp-content\/uploads\/2023\/02\/IMG-20230118-WA0009-245x300.jpg 245w, https:\/\/acadiploafricaine.org\/wp-content\/uploads\/2023\/02\/IMG-20230118-WA0009-768x939.jpg 768w, https:\/\/acadiploafricaine.org\/wp-content\/uploads\/2023\/02\/IMG-20230118-WA0009-10x12.jpg 10w\" sizes=\"(max-width: 828px) 100vw, 828px\" \/>\t\t\t\t\t\t\t\t\t\t\t\t\t\t\t<\/div>\n\t\t\t\t<\/div>\n\t\t\t\t\t<\/div>\n\t\t<\/div>\n\t\t\t\t<div class=\"elementor-column elementor-col-16 elementor-top-column elementor-element elementor-element-eacb8c2\" data-id=\"eacb8c2\" data-element_type=\"column\">\n\t\t\t<div class=\"elementor-widget-wrap elementor-element-populated\">\n\t\t\t\t\t\t\t\t<div class=\"elementor-element elementor-element-0cbaf90 elementor-widget elementor-widget-image\" data-id=\"0cbaf90\" data-element_type=\"widget\" data-widget_type=\"image.default\">\n\t\t\t\t<div class=\"elementor-widget-container\">\n\t\t\t\t\t\t\t\t\t\t\t\t\t\t\t<img decoding=\"async\" width=\"720\" height=\"969\" src=\"https:\/\/acadiploafricaine.org\/wp-content\/uploads\/2023\/02\/IMG-20221224-WA0004.jpg\" class=\"attachment-large size-large wp-image-2061\" alt=\"\" loading=\"lazy\" srcset=\"https:\/\/acadiploafricaine.org\/wp-content\/uploads\/2023\/02\/IMG-20221224-WA0004.jpg 720w, https:\/\/acadiploafricaine.org\/wp-content\/uploads\/2023\/02\/IMG-20221224-WA0004-223x300.jpg 223w, https:\/\/acadiploafricaine.org\/wp-content\/uploads\/2023\/02\/IMG-20221224-WA0004-9x12.jpg 9w\" sizes=\"(max-width: 720px) 100vw, 720px\" \/>\t\t\t\t\t\t\t\t\t\t\t\t\t\t\t<\/div>\n\t\t\t\t<\/div>\n\t\t\t\t\t<\/div>\n\t\t<\/div>\n\t\t\t\t<div class=\"elementor-column elementor-col-16 elementor-top-column elementor-element elementor-element-be446b1\" data-id=\"be446b1\" data-element_type=\"column\">\n\t\t\t<div class=\"elementor-widget-wrap elementor-element-populated\">\n\t\t\t\t\t\t\t\t<div class=\"elementor-element elementor-element-7f1166d elementor-widget elementor-widget-image\" data-id=\"7f1166d\" data-element_type=\"widget\" data-widget_type=\"image.default\">\n\t\t\t\t<div class=\"elementor-widget-container\">\n\t\t\t\t\t\t\t\t\t\t\t\t\t\t\t<img decoding=\"async\" width=\"540\" height=\"675\" src=\"https:\/\/acadiploafricaine.org\/wp-content\/uploads\/2023\/02\/IMG-20230118-WA0010.jpg\" class=\"attachment-large size-large wp-image-2064\" alt=\"\" loading=\"lazy\" srcset=\"https:\/\/acadiploafricaine.org\/wp-content\/uploads\/2023\/02\/IMG-20230118-WA0010.jpg 540w, https:\/\/acadiploafricaine.org\/wp-content\/uploads\/2023\/02\/IMG-20230118-WA0010-240x300.jpg 240w, https:\/\/acadiploafricaine.org\/wp-content\/uploads\/2023\/02\/IMG-20230118-WA0010-10x12.jpg 10w\" sizes=\"(max-width: 540px) 100vw, 540px\" \/>\t\t\t\t\t\t\t\t\t\t\t\t\t\t\t<\/div>\n\t\t\t\t<\/div>\n\t\t\t\t\t<\/div>\n\t\t<\/div>\n\t\t\t\t<div class=\"elementor-column elementor-col-16 elementor-top-column elementor-element elementor-element-e6034c9\" data-id=\"e6034c9\" data-element_type=\"column\">\n\t\t\t<div class=\"elementor-widget-wrap elementor-element-populated\">\n\t\t\t\t\t\t\t\t<div class=\"elementor-element elementor-element-4be3065 elementor-widget elementor-widget-image\" data-id=\"4be3065\" data-element_type=\"widget\" data-widget_type=\"image.default\">\n\t\t\t\t<div class=\"elementor-widget-container\">\n\t\t\t\t\t\t\t\t\t\t\t\t\t\t\t<img decoding=\"async\" width=\"717\" height=\"1024\" src=\"https:\/\/acadiploafricaine.org\/wp-content\/uploads\/2023\/02\/IMG-20221107-WA0015-717x1024.jpg\" class=\"attachment-large size-large wp-image-2060\" alt=\"\" loading=\"lazy\" srcset=\"https:\/\/acadiploafricaine.org\/wp-content\/uploads\/2023\/02\/IMG-20221107-WA0015-717x1024.jpg 717w, https:\/\/acadiploafricaine.org\/wp-content\/uploads\/2023\/02\/IMG-20221107-WA0015-210x300.jpg 210w, https:\/\/acadiploafricaine.org\/wp-content\/uploads\/2023\/02\/IMG-20221107-WA0015-768x1097.jpg 768w, https:\/\/acadiploafricaine.org\/wp-content\/uploads\/2023\/02\/IMG-20221107-WA0015-1076x1536.jpg 1076w, https:\/\/acadiploafricaine.org\/wp-content\/uploads\/2023\/02\/IMG-20221107-WA0015-8x12.jpg 8w, https:\/\/acadiploafricaine.org\/wp-content\/uploads\/2023\/02\/IMG-20221107-WA0015.jpg 1434w\" sizes=\"(max-width: 717px) 100vw, 717px\" \/>\t\t\t\t\t\t\t\t\t\t\t\t\t\t\t<\/div>\n\t\t\t\t<\/div>\n\t\t\t\t\t<\/div>\n\t\t<\/div>\n\t\t\t\t<div class=\"elementor-column elementor-col-16 elementor-top-column elementor-element elementor-element-d858d3a\" data-id=\"d858d3a\" data-element_type=\"column\">\n\t\t\t<div class=\"elementor-widget-wrap elementor-element-populated\">\n\t\t\t\t\t\t\t\t<div class=\"elementor-element elementor-element-36f458f elementor-widget elementor-widget-image\" data-id=\"36f458f\" data-element_type=\"widget\" data-widget_type=\"image.default\">\n\t\t\t\t<div class=\"elementor-widget-container\">\n\t\t\t\t\t\t\t\t\t\t\t\t\t\t\t<img decoding=\"async\" width=\"461\" height=\"1024\" src=\"https:\/\/acadiploafricaine.org\/wp-content\/uploads\/2023\/02\/IMG-20221224-WA0006-461x1024.jpg\" class=\"attachment-large size-large wp-image-2062\" alt=\"\" loading=\"lazy\" srcset=\"https:\/\/acadiploafricaine.org\/wp-content\/uploads\/2023\/02\/IMG-20221224-WA0006-461x1024.jpg 461w, https:\/\/acadiploafricaine.org\/wp-content\/uploads\/2023\/02\/IMG-20221224-WA0006-135x300.jpg 135w, https:\/\/acadiploafricaine.org\/wp-content\/uploads\/2023\/02\/IMG-20221224-WA0006-691x1536.jpg 691w, https:\/\/acadiploafricaine.org\/wp-content\/uploads\/2023\/02\/IMG-20221224-WA0006-5x12.jpg 5w, https:\/\/acadiploafricaine.org\/wp-content\/uploads\/2023\/02\/IMG-20221224-WA0006.jpg 720w\" sizes=\"(max-width: 461px) 100vw, 461px\" \/>\t\t\t\t\t\t\t\t\t\t\t\t\t\t\t<\/div>\n\t\t\t\t<\/div>\n\t\t\t\t\t<\/div>\n\t\t<\/div>\n\t\t\t\t\t\t\t<\/div>\n\t\t<\/section>\n\t\t\t\t\t\t\t<\/div>","protected":false},"excerpt":{"rendered":"<p>L&rsquo;ADA a cr\u00e9\u00e9 le Bureau de Los Angeles pour couvrir l&rsquo;Etat de Californie\u00a0le Golden State, le plus riche des USA et qui occupe la place du 5e puissance \u00e9conomique du Monde. La Californie est l&rsquo;Etat qui entretient d\u2019importants \u00e9changes touristiques avec les pays africains. Par ailleurs cet \u00c9tat, vu sa proximit\u00e9 avec l&rsquo;Am\u00e9rique latine, terre &hellip;<\/p>\n<p class=\"read-more\"> <a class=\"\" href=\"https:\/\/acadiploafricaine.org\/en\/bureau-de-los-angeles\/\"> <span class=\"screen-reader-text\">Los Angeles office<\/span> Read More &raquo;<\/a><\/p>","protected":false},"author":5,"featured_media":0,"parent":0,"menu_order":0,"comment_status":"closed","ping_status":"closed","template":"","meta":{"site-sidebar-layout":"no-sidebar","site-content-layout":"page-builder","ast-global-header-display":"","ast-main-header-display":"","ast-hfb-above-header-display":"","ast-hfb-below-header-display":"","ast-hfb-mobile-header-display":"","site-post-title":"","ast-breadcrumbs-content":"","ast-featured-img":"disabled","footer-sml-layout":"","theme-transparent-header-meta":"","adv-header-id-meta":"","stick-header-meta":"","header-above-stick-meta":"","header-main-stick-meta":"","header-below-stick-meta":""},"_links":{"self":[{"href":"https:\/\/acadiploafricaine.org\/en\/wp-json\/wp\/v2\/pages\/2052"}],"collection":[{"href":"https:\/\/acadiploafricaine.org\/en\/wp-json\/wp\/v2\/pages"}],"about":[{"href":"https:\/\/acadiploafricaine.org\/en\/wp-json\/wp\/v2\/types\/page"}],"author":[{"embeddable":true,"href":"https:\/\/acadiploafricaine.org\/en\/wp-json\/wp\/v2\/users\/5"}],"replies":[{"embeddable":true,"href":"https:\/\/acadiploafricaine.org\/en\/wp-json\/wp\/v2\/comments?post=2052"}],"version-history":[{"count":20,"href":"https:\/\/acadiploafricaine.org\/en\/wp-json\/wp\/v2\/pages\/2052\/revisions"}],"predecessor-version":[{"id":2193,"href":"https:\/\/acadiploafricaine.org\/en\/wp-json\/wp\/v2\/pages\/2052\/revisions\/2193"}],"wp:attachment":[{"href":"https:\/\/acadiploafricaine.org\/en\/wp-json\/wp\/v2\/media?parent=2052"}],"curies":[{"name":"wp","href":"https:\/\/api.w.org\/{rel}","templated":true}]}}