{"id":2514,"date":"2023-02-26T20:18:45","date_gmt":"2023-02-26T20:18:45","guid":{"rendered":"http:\/\/acadiploafricaine.org\/?page_id=2514"},"modified":"2023-02-26T20:31:41","modified_gmt":"2023-02-26T20:31:41","slug":"bureau-de-seoul","status":"publish","type":"page","link":"https:\/\/acadiploafricaine.org\/en\/bureau-de-seoul\/","title":{"rendered":"Seoul Office"},"content":{"rendered":"<div data-elementor-type=\"wp-page\" data-elementor-id=\"2514\" class=\"elementor elementor-2514\">\n\t\t\t\t\t\t\t\t\t<section class=\"elementor-section elementor-top-section elementor-element elementor-element-57668cb elementor-section-boxed elementor-section-height-default elementor-section-height-default\" data-id=\"57668cb\" data-element_type=\"section\" data-settings=\"{&quot;_ha_eqh_enable&quot;:false}\">\n\t\t\t\t\t\t<div class=\"elementor-container elementor-column-gap-default\">\n\t\t\t\t\t<div class=\"elementor-column elementor-col-100 elementor-top-column elementor-element elementor-element-ff96a4c\" data-id=\"ff96a4c\" data-element_type=\"column\">\n\t\t\t<div class=\"elementor-widget-wrap elementor-element-populated\">\n\t\t\t\t\t\t\t\t<div class=\"elementor-element elementor-element-eddc53f elementor-widget elementor-widget-text-editor\" data-id=\"eddc53f\" data-element_type=\"widget\" data-widget_type=\"text-editor.default\">\n\t\t\t\t<div class=\"elementor-widget-container\">\n\t\t\t<style>\/*! elementor - v3.15.0 - 09-08-2023 *\/\n.elementor-widget-text-editor.elementor-drop-cap-view-stacked .elementor-drop-cap{background-color:#69727d;color:#fff}.elementor-widget-text-editor.elementor-drop-cap-view-framed .elementor-drop-cap{color:#69727d;border:3px solid;background-color:transparent}.elementor-widget-text-editor:not(.elementor-drop-cap-view-default) .elementor-drop-cap{margin-top:8px}.elementor-widget-text-editor:not(.elementor-drop-cap-view-default) .elementor-drop-cap-letter{width:1em;height:1em}.elementor-widget-text-editor .elementor-drop-cap{float:left;text-align:center;line-height:1;font-size:50px}.elementor-widget-text-editor .elementor-drop-cap-letter{display:inline-block}<\/style>\t\t\t\t<p>Le Bureau de S\u00e9oul , dirig\u00e9 par Monsieur Jean-Philippe CERUTTI Pr\u00e9sident de la Fondation Korean African Development Initiative KADI\u00a0, a pour vocation de renforcer la pr\u00e9sence de l\u2019ADA en Asie et \u00e0 contribuer pour \u00a0faire de Seoul une place importante pour la mobilisation internationale en faveur du D\u00e9veloppement de l\u2019Afrique\u00a0<\/p>\t\t\t\t\t\t<\/div>\n\t\t\t\t<\/div>\n\t\t\t\t\t<\/div>\n\t\t<\/div>\n\t\t\t\t\t\t\t<\/div>\n\t\t<\/section>\n\t\t\t\t<section class=\"elementor-section elementor-top-section elementor-element elementor-element-49e5195 elementor-section-boxed elementor-section-height-default elementor-section-height-default\" data-id=\"49e5195\" data-element_type=\"section\" data-settings=\"{&quot;_ha_eqh_enable&quot;:false}\">\n\t\t\t\t\t\t<div class=\"elementor-container elementor-column-gap-default\">\n\t\t\t\t\t<div class=\"elementor-column elementor-col-100 elementor-top-column elementor-element elementor-element-c19eb2c\" data-id=\"c19eb2c\" data-element_type=\"column\">\n\t\t\t<div class=\"elementor-widget-wrap elementor-element-populated\">\n\t\t\t\t\t\t\t\t<div class=\"elementor-element elementor-element-4b7760c elementor-widget elementor-widget-text-editor\" data-id=\"4b7760c\" data-element_type=\"widget\" data-widget_type=\"text-editor.default\">\n\t\t\t\t<div class=\"elementor-widget-container\">\n\t\t\t\t\t\t\t<p>Dans cet esprit le Bureau de S\u00e9oul entend coop\u00e9rer avec les autorit\u00e9s de la R\u00e9publique de Cor\u00e9e pour contribuer \u00e0 renforcer les efforts qu\u2019elles ont d\u00e9j\u00e0 consenties en faveur du d\u00e9veloppement de l\u2019Afrique \u00e0 travers le\u00a0\u00a0Fonds fiduciaire de la coop\u00e9ration<strong>\u00a0\u00e9conomique Cor\u00e9e-Afrique KAOFEC en p<\/strong>artenariat avec la Banque Africaine de D\u00e9veloppement BAD<\/p>\t\t\t\t\t\t<\/div>\n\t\t\t\t<\/div>\n\t\t\t\t\t<\/div>\n\t\t<\/div>\n\t\t\t\t\t\t\t<\/div>\n\t\t<\/section>\n\t\t\t\t<section class=\"elementor-section elementor-top-section elementor-element elementor-element-bf183e0 elementor-section-boxed elementor-section-height-default elementor-section-height-default\" data-id=\"bf183e0\" data-element_type=\"section\" data-settings=\"{&quot;_ha_eqh_enable&quot;:false}\">\n\t\t\t\t\t\t<div class=\"elementor-container elementor-column-gap-default\">\n\t\t\t\t\t<div class=\"elementor-column elementor-col-100 elementor-top-column elementor-element elementor-element-2a1b09b\" data-id=\"2a1b09b\" data-element_type=\"column\">\n\t\t\t<div class=\"elementor-widget-wrap elementor-element-populated\">\n\t\t\t\t\t\t\t\t<div class=\"elementor-element elementor-element-a5678f6 elementor-widget elementor-widget-text-editor\" data-id=\"a5678f6\" data-element_type=\"widget\" data-widget_type=\"text-editor.default\">\n\t\t\t\t<div class=\"elementor-widget-container\">\n\t\t\t\t\t\t\t<p>Dans le cadre de la Diplomatie Culturelle et \u00e9conomique le \u00a0Bureau mettra en \u0153uvre des programmes et projets susceptibles de renforcer la coop\u00e9ration entre la Cor\u00e9e du Sud et l\u2019Afrique.<\/p>\t\t\t\t\t\t<\/div>\n\t\t\t\t<\/div>\n\t\t\t\t\t<\/div>\n\t\t<\/div>\n\t\t\t\t\t\t\t<\/div>\n\t\t<\/section>\n\t\t\t\t<section class=\"elementor-section elementor-top-section elementor-element elementor-element-c238ddd elementor-section-boxed elementor-section-height-default elementor-section-height-default\" data-id=\"c238ddd\" data-element_type=\"section\" data-settings=\"{&quot;_ha_eqh_enable&quot;:false}\">\n\t\t\t\t\t\t<div class=\"elementor-container elementor-column-gap-default\">\n\t\t\t\t\t<div class=\"elementor-column elementor-col-16 elementor-top-column elementor-element elementor-element-fe68b93\" data-id=\"fe68b93\" data-element_type=\"column\">\n\t\t\t<div class=\"elementor-widget-wrap elementor-element-populated\">\n\t\t\t\t\t\t\t\t<div class=\"elementor-element elementor-element-d2f6629 elementor-widget elementor-widget-image\" data-id=\"d2f6629\" data-element_type=\"widget\" data-widget_type=\"image.default\">\n\t\t\t\t<div class=\"elementor-widget-container\">\n\t\t\t<style>\/*! elementor - v3.15.0 - 09-08-2023 *\/\n.elementor-widget-image{text-align:center}.elementor-widget-image a{display:inline-block}.elementor-widget-image a img[src$=\".svg\"]{width:48px}.elementor-widget-image img{vertical-align:middle;display:inline-block}<\/style>\t\t\t\t\t\t\t\t\t<figure class=\"wp-caption\">\n\t\t\t\t\t\t\t\t\t\t\t<a href=\"http:\/\/acadiploafricaine.org\/wp-content\/uploads\/2023\/02\/fdgg.jpg\" data-elementor-open-lightbox=\"yes\" data-elementor-lightbox-title=\"fdgg\" data-e-action-hash=\"#elementor-action%3Aaction%3Dlightbox%26settings%3DeyJpZCI6MjUyMCwidXJsIjoiaHR0cHM6XC9cL2FjYWRpcGxvYWZyaWNhaW5lLm9yZ1wvd3AtY29udGVudFwvdXBsb2Fkc1wvMjAyM1wvMDJcL2ZkZ2cuanBnIn0%3D\">\n\t\t\t\t\t\t\t<img decoding=\"async\" width=\"1024\" height=\"768\" src=\"https:\/\/acadiploafricaine.org\/wp-content\/uploads\/2023\/02\/fdgg-1024x768.jpg\" class=\"attachment-large size-large wp-image-2520\" alt=\"\" loading=\"lazy\" srcset=\"https:\/\/acadiploafricaine.org\/wp-content\/uploads\/2023\/02\/fdgg-1024x768.jpg 1024w, https:\/\/acadiploafricaine.org\/wp-content\/uploads\/2023\/02\/fdgg-300x225.jpg 300w, https:\/\/acadiploafricaine.org\/wp-content\/uploads\/2023\/02\/fdgg-768x576.jpg 768w, https:\/\/acadiploafricaine.org\/wp-content\/uploads\/2023\/02\/fdgg-1536x1152.jpg 1536w, https:\/\/acadiploafricaine.org\/wp-content\/uploads\/2023\/02\/fdgg-16x12.jpg 16w, https:\/\/acadiploafricaine.org\/wp-content\/uploads\/2023\/02\/fdgg.jpg 1600w\" sizes=\"(max-width: 1024px) 100vw, 1024px\" \/>\t\t\t\t\t\t\t\t<\/a>\n\t\t\t\t\t\t\t\t\t\t\t<figcaption class=\"widget-image-caption wp-caption-text\"><\/figcaption>\n\t\t\t\t\t\t\t\t\t\t<\/figure>\n\t\t\t\t\t\t\t\t\t<\/div>\n\t\t\t\t<\/div>\n\t\t\t\t\t<\/div>\n\t\t<\/div>\n\t\t\t\t<div class=\"elementor-column elementor-col-66 elementor-top-column elementor-element elementor-element-2ff9569\" data-id=\"2ff9569\" data-element_type=\"column\">\n\t\t\t<div class=\"elementor-widget-wrap elementor-element-populated\">\n\t\t\t\t\t\t\t\t<div class=\"elementor-element elementor-element-4d1b2ce elementor-widget elementor-widget-image\" data-id=\"4d1b2ce\" data-element_type=\"widget\" data-widget_type=\"image.default\">\n\t\t\t\t<div class=\"elementor-widget-container\">\n\t\t\t\t\t\t\t\t\t\t\t\t<figure class=\"wp-caption\">\n\t\t\t\t\t\t\t\t\t\t\t<a href=\"http:\/\/acadiploafricaine.org\/wp-content\/uploads\/2023\/02\/gs.jpg\" data-elementor-open-lightbox=\"yes\" data-elementor-lightbox-title=\"gs\" data-e-action-hash=\"#elementor-action%3Aaction%3Dlightbox%26settings%3DeyJpZCI6MjUyMSwidXJsIjoiaHR0cHM6XC9cL2FjYWRpcGxvYWZyaWNhaW5lLm9yZ1wvd3AtY29udGVudFwvdXBsb2Fkc1wvMjAyM1wvMDJcL2dzLmpwZyJ9\">\n\t\t\t\t\t\t\t<img decoding=\"async\" width=\"1024\" height=\"461\" src=\"https:\/\/acadiploafricaine.org\/wp-content\/uploads\/2023\/02\/gs-1024x461.jpg\" class=\"attachment-large size-large wp-image-2521\" alt=\"\" loading=\"lazy\" srcset=\"https:\/\/acadiploafricaine.org\/wp-content\/uploads\/2023\/02\/gs-1024x461.jpg 1024w, https:\/\/acadiploafricaine.org\/wp-content\/uploads\/2023\/02\/gs-300x135.jpg 300w, https:\/\/acadiploafricaine.org\/wp-content\/uploads\/2023\/02\/gs-768x346.jpg 768w, https:\/\/acadiploafricaine.org\/wp-content\/uploads\/2023\/02\/gs-1536x692.jpg 1536w, https:\/\/acadiploafricaine.org\/wp-content\/uploads\/2023\/02\/gs-18x8.jpg 18w, https:\/\/acadiploafricaine.org\/wp-content\/uploads\/2023\/02\/gs.jpg 2016w\" sizes=\"(max-width: 1024px) 100vw, 1024px\" \/>\t\t\t\t\t\t\t\t<\/a>\n\t\t\t\t\t\t\t\t\t\t\t<figcaption class=\"widget-image-caption wp-caption-text\"><\/figcaption>\n\t\t\t\t\t\t\t\t\t\t<\/figure>\n\t\t\t\t\t\t\t\t\t<\/div>\n\t\t\t\t<\/div>\n\t\t\t\t\t<\/div>\n\t\t<\/div>\n\t\t\t\t<div class=\"elementor-column elementor-col-16 elementor-top-column elementor-element elementor-element-58eb858\" data-id=\"58eb858\" data-element_type=\"column\">\n\t\t\t<div class=\"elementor-widget-wrap elementor-element-populated\">\n\t\t\t\t\t\t\t\t<div class=\"elementor-element elementor-element-5e36930 elementor-widget elementor-widget-image\" data-id=\"5e36930\" data-element_type=\"widget\" data-widget_type=\"image.default\">\n\t\t\t\t<div class=\"elementor-widget-container\">\n\t\t\t\t\t\t\t\t\t\t\t\t<figure class=\"wp-caption\">\n\t\t\t\t\t\t\t\t\t\t\t<a href=\"http:\/\/acadiploafricaine.org\/wp-content\/uploads\/2023\/02\/tr.jpg\" data-elementor-open-lightbox=\"yes\" data-elementor-lightbox-title=\"tr\" data-e-action-hash=\"#elementor-action%3Aaction%3Dlightbox%26settings%3DeyJpZCI6MjUyMiwidXJsIjoiaHR0cHM6XC9cL2FjYWRpcGxvYWZyaWNhaW5lLm9yZ1wvd3AtY29udGVudFwvdXBsb2Fkc1wvMjAyM1wvMDJcL3RyLmpwZyJ9\">\n\t\t\t\t\t\t\t<img decoding=\"async\" width=\"1024\" height=\"768\" src=\"https:\/\/acadiploafricaine.org\/wp-content\/uploads\/2023\/02\/tr-1024x768.jpg\" class=\"attachment-large size-large wp-image-2522\" alt=\"\" loading=\"lazy\" srcset=\"https:\/\/acadiploafricaine.org\/wp-content\/uploads\/2023\/02\/tr-1024x768.jpg 1024w, https:\/\/acadiploafricaine.org\/wp-content\/uploads\/2023\/02\/tr-300x225.jpg 300w, https:\/\/acadiploafricaine.org\/wp-content\/uploads\/2023\/02\/tr-768x576.jpg 768w, https:\/\/acadiploafricaine.org\/wp-content\/uploads\/2023\/02\/tr-1536x1152.jpg 1536w, https:\/\/acadiploafricaine.org\/wp-content\/uploads\/2023\/02\/tr-16x12.jpg 16w, https:\/\/acadiploafricaine.org\/wp-content\/uploads\/2023\/02\/tr.jpg 1600w\" sizes=\"(max-width: 1024px) 100vw, 1024px\" \/>\t\t\t\t\t\t\t\t<\/a>\n\t\t\t\t\t\t\t\t\t\t\t<figcaption class=\"widget-image-caption wp-caption-text\"><\/figcaption>\n\t\t\t\t\t\t\t\t\t\t<\/figure>\n\t\t\t\t\t\t\t\t\t<\/div>\n\t\t\t\t<\/div>\n\t\t\t\t\t<\/div>\n\t\t<\/div>\n\t\t\t\t\t\t\t<\/div>\n\t\t<\/section>\n\t\t\t\t<section class=\"elementor-section elementor-top-section elementor-element elementor-element-a85d55f elementor-section-boxed elementor-section-height-default elementor-section-height-default\" data-id=\"a85d55f\" data-element_type=\"section\" data-settings=\"{&quot;_ha_eqh_enable&quot;:false}\">\n\t\t\t\t\t\t<div class=\"elementor-container elementor-column-gap-default\">\n\t\t\t\t\t<div class=\"elementor-column elementor-col-50 elementor-top-column elementor-element elementor-element-770fc3c\" data-id=\"770fc3c\" data-element_type=\"column\">\n\t\t\t<div class=\"elementor-widget-wrap elementor-element-populated\">\n\t\t\t\t\t\t\t\t<div class=\"elementor-element elementor-element-60b9fa4 elementor-widget elementor-widget-image\" data-id=\"60b9fa4\" data-element_type=\"widget\" data-widget_type=\"image.default\">\n\t\t\t\t<div class=\"elementor-widget-container\">\n\t\t\t\t\t\t\t\t\t\t\t\t<figure class=\"wp-caption\">\n\t\t\t\t\t\t\t\t\t\t\t<a href=\"http:\/\/acadiploafricaine.org\/wp-content\/uploads\/2023\/02\/WhatsApp-Image-2023-02-26-a-16.34.53.jpg\" data-elementor-open-lightbox=\"yes\" data-elementor-lightbox-title=\"WhatsApp Image 2023-02-26 \u00e0 16.34.53\" data-e-action-hash=\"#elementor-action%3Aaction%3Dlightbox%26settings%3DeyJpZCI6MjUyMywidXJsIjoiaHR0cHM6XC9cL2FjYWRpcGxvYWZyaWNhaW5lLm9yZ1wvd3AtY29udGVudFwvdXBsb2Fkc1wvMjAyM1wvMDJcL1doYXRzQXBwLUltYWdlLTIwMjMtMDItMjYtYS0xNi4zNC41My5qcGcifQ%3D%3D\">\n\t\t\t\t\t\t\t<img decoding=\"async\" width=\"1024\" height=\"1024\" src=\"https:\/\/acadiploafricaine.org\/wp-content\/uploads\/2023\/02\/WhatsApp-Image-2023-02-26-a-16.34.53-1024x1024.jpg\" class=\"attachment-large size-large wp-image-2523\" alt=\"\" loading=\"lazy\" srcset=\"https:\/\/acadiploafricaine.org\/wp-content\/uploads\/2023\/02\/WhatsApp-Image-2023-02-26-a-16.34.53-1024x1024.jpg 1024w, https:\/\/acadiploafricaine.org\/wp-content\/uploads\/2023\/02\/WhatsApp-Image-2023-02-26-a-16.34.53-300x300.jpg 300w, https:\/\/acadiploafricaine.org\/wp-content\/uploads\/2023\/02\/WhatsApp-Image-2023-02-26-a-16.34.53-150x150.jpg 150w, https:\/\/acadiploafricaine.org\/wp-content\/uploads\/2023\/02\/WhatsApp-Image-2023-02-26-a-16.34.53-768x768.jpg 768w, https:\/\/acadiploafricaine.org\/wp-content\/uploads\/2023\/02\/WhatsApp-Image-2023-02-26-a-16.34.53-1536x1536.jpg 1536w, https:\/\/acadiploafricaine.org\/wp-content\/uploads\/2023\/02\/WhatsApp-Image-2023-02-26-a-16.34.53.jpg 2048w, https:\/\/acadiploafricaine.org\/wp-content\/uploads\/2023\/02\/WhatsApp-Image-2023-02-26-a-16.34.53-12x12.jpg 12w\" sizes=\"(max-width: 1024px) 100vw, 1024px\" \/>\t\t\t\t\t\t\t\t<\/a>\n\t\t\t\t\t\t\t\t\t\t\t<figcaption class=\"widget-image-caption wp-caption-text\"><\/figcaption>\n\t\t\t\t\t\t\t\t\t\t<\/figure>\n\t\t\t\t\t\t\t\t\t<\/div>\n\t\t\t\t<\/div>\n\t\t\t\t\t<\/div>\n\t\t<\/div>\n\t\t\t\t<div class=\"elementor-column elementor-col-50 elementor-top-column elementor-element elementor-element-0f98465\" data-id=\"0f98465\" data-element_type=\"column\">\n\t\t\t<div class=\"elementor-widget-wrap elementor-element-populated\">\n\t\t\t\t\t\t\t\t<div class=\"elementor-element elementor-element-a3acafe elementor-widget elementor-widget-image\" data-id=\"a3acafe\" data-element_type=\"widget\" data-widget_type=\"image.default\">\n\t\t\t\t<div class=\"elementor-widget-container\">\n\t\t\t\t\t\t\t\t\t\t\t\t<figure class=\"wp-caption\">\n\t\t\t\t\t\t\t\t\t\t\t<a href=\"http:\/\/acadiploafricaine.org\/wp-content\/uploads\/2023\/02\/WhatsApp-Image-2023-02-26-a-16.34.54.jpg\" data-elementor-open-lightbox=\"yes\" data-elementor-lightbox-title=\"WhatsApp Image 2023-02-26 \u00e0 16.34.54\" data-e-action-hash=\"#elementor-action%3Aaction%3Dlightbox%26settings%3DeyJpZCI6MjUyNCwidXJsIjoiaHR0cHM6XC9cL2FjYWRpcGxvYWZyaWNhaW5lLm9yZ1wvd3AtY29udGVudFwvdXBsb2Fkc1wvMjAyM1wvMDJcL1doYXRzQXBwLUltYWdlLTIwMjMtMDItMjYtYS0xNi4zNC41NC5qcGcifQ%3D%3D\">\n\t\t\t\t\t\t\t<img decoding=\"async\" width=\"1024\" height=\"1024\" src=\"https:\/\/acadiploafricaine.org\/wp-content\/uploads\/2023\/02\/WhatsApp-Image-2023-02-26-a-16.34.54-1024x1024.jpg\" class=\"attachment-large size-large wp-image-2524\" alt=\"\" loading=\"lazy\" srcset=\"https:\/\/acadiploafricaine.org\/wp-content\/uploads\/2023\/02\/WhatsApp-Image-2023-02-26-a-16.34.54-1024x1024.jpg 1024w, https:\/\/acadiploafricaine.org\/wp-content\/uploads\/2023\/02\/WhatsApp-Image-2023-02-26-a-16.34.54-300x300.jpg 300w, https:\/\/acadiploafricaine.org\/wp-content\/uploads\/2023\/02\/WhatsApp-Image-2023-02-26-a-16.34.54-150x150.jpg 150w, https:\/\/acadiploafricaine.org\/wp-content\/uploads\/2023\/02\/WhatsApp-Image-2023-02-26-a-16.34.54-768x768.jpg 768w, https:\/\/acadiploafricaine.org\/wp-content\/uploads\/2023\/02\/WhatsApp-Image-2023-02-26-a-16.34.54-1536x1536.jpg 1536w, https:\/\/acadiploafricaine.org\/wp-content\/uploads\/2023\/02\/WhatsApp-Image-2023-02-26-a-16.34.54.jpg 2048w, https:\/\/acadiploafricaine.org\/wp-content\/uploads\/2023\/02\/WhatsApp-Image-2023-02-26-a-16.34.54-12x12.jpg 12w\" sizes=\"(max-width: 1024px) 100vw, 1024px\" \/>\t\t\t\t\t\t\t\t<\/a>\n\t\t\t\t\t\t\t\t\t\t\t<figcaption class=\"widget-image-caption wp-caption-text\"><\/figcaption>\n\t\t\t\t\t\t\t\t\t\t<\/figure>\n\t\t\t\t\t\t\t\t\t<\/div>\n\t\t\t\t<\/div>\n\t\t\t\t\t<\/div>\n\t\t<\/div>\n\t\t\t\t\t\t\t<\/div>\n\t\t<\/section>\n\t\t\t\t\t\t\t<\/div>","protected":false},"excerpt":{"rendered":"<p>Le Bureau de S\u00e9oul , dirig\u00e9 par Monsieur Jean-Philippe CERUTTI Pr\u00e9sident de la Fondation Korean African Development Initiative KADI\u00a0, a pour vocation de renforcer la pr\u00e9sence de l\u2019ADA en Asie et \u00e0 contribuer pour \u00a0faire de Seoul une place importante pour la mobilisation internationale en faveur du D\u00e9veloppement de l\u2019Afrique\u00a0 Dans cet esprit le Bureau &hellip;<\/p>\n<p class=\"read-more\"> <a class=\"\" href=\"https:\/\/acadiploafricaine.org\/en\/bureau-de-seoul\/\"> <span class=\"screen-reader-text\">Seoul Office<\/span> Read More &raquo;<\/a><\/p>","protected":false},"author":5,"featured_media":0,"parent":0,"menu_order":0,"comment_status":"closed","ping_status":"closed","template":"","meta":{"site-sidebar-layout":"no-sidebar","site-content-layout":"page-builder","ast-global-header-display":"","ast-main-header-display":"","ast-hfb-above-header-display":"","ast-hfb-below-header-display":"","ast-hfb-mobile-header-display":"","site-post-title":"","ast-breadcrumbs-content":"","ast-featured-img":"disabled","footer-sml-layout":"","theme-transparent-header-meta":"","adv-header-id-meta":"","stick-header-meta":"","header-above-stick-meta":"","header-main-stick-meta":"","header-below-stick-meta":""},"_links":{"self":[{"href":"https:\/\/acadiploafricaine.org\/en\/wp-json\/wp\/v2\/pages\/2514"}],"collection":[{"href":"https:\/\/acadiploafricaine.org\/en\/wp-json\/wp\/v2\/pages"}],"about":[{"href":"https:\/\/acadiploafricaine.org\/en\/wp-json\/wp\/v2\/types\/page"}],"author":[{"embeddable":true,"href":"https:\/\/acadiploafricaine.org\/en\/wp-json\/wp\/v2\/users\/5"}],"replies":[{"embeddable":true,"href":"https:\/\/acadiploafricaine.org\/en\/wp-json\/wp\/v2\/comments?post=2514"}],"version-history":[{"count":11,"href":"https:\/\/acadiploafricaine.org\/en\/wp-json\/wp\/v2\/pages\/2514\/revisions"}],"predecessor-version":[{"id":2533,"href":"https:\/\/acadiploafricaine.org\/en\/wp-json\/wp\/v2\/pages\/2514\/revisions\/2533"}],"wp:attachment":[{"href":"https:\/\/acadiploafricaine.org\/en\/wp-json\/wp\/v2\/media?parent=2514"}],"curies":[{"name":"wp","href":"https:\/\/api.w.org\/{rel}","templated":true}]}}