{"id":2549,"date":"2023-04-01T19:15:23","date_gmt":"2023-04-01T19:15:23","guid":{"rendered":"http:\/\/acadiploafricaine.org\/?page_id=2549"},"modified":"2023-04-01T19:59:02","modified_gmt":"2023-04-01T19:59:02","slug":"bureau-de-zurich","status":"publish","type":"page","link":"https:\/\/acadiploafricaine.org\/en\/bureau-de-zurich\/","title":{"rendered":"Bureau de ZURICH"},"content":{"rendered":"<div data-elementor-type=\"wp-page\" data-elementor-id=\"2549\" class=\"elementor elementor-2549\">\n\t\t\t\t\t\t\t\t\t<section class=\"elementor-section elementor-top-section elementor-element elementor-element-f8d0285 elementor-section-boxed elementor-section-height-default elementor-section-height-default\" data-id=\"f8d0285\" data-element_type=\"section\" data-settings=\"{&quot;_ha_eqh_enable&quot;:false}\">\n\t\t\t\t\t\t<div class=\"elementor-container elementor-column-gap-default\">\n\t\t\t\t\t<div class=\"elementor-column elementor-col-100 elementor-top-column elementor-element elementor-element-4ef1704\" data-id=\"4ef1704\" data-element_type=\"column\">\n\t\t\t<div class=\"elementor-widget-wrap elementor-element-populated\">\n\t\t\t\t\t\t\t\t<div class=\"elementor-element elementor-element-fb4830c elementor-widget elementor-widget-text-editor\" data-id=\"fb4830c\" data-element_type=\"widget\" data-widget_type=\"text-editor.default\">\n\t\t\t\t<div class=\"elementor-widget-container\">\n\t\t\t<style>\/*! elementor - v3.15.0 - 09-08-2023 *\/\n.elementor-widget-text-editor.elementor-drop-cap-view-stacked .elementor-drop-cap{background-color:#69727d;color:#fff}.elementor-widget-text-editor.elementor-drop-cap-view-framed .elementor-drop-cap{color:#69727d;border:3px solid;background-color:transparent}.elementor-widget-text-editor:not(.elementor-drop-cap-view-default) .elementor-drop-cap{margin-top:8px}.elementor-widget-text-editor:not(.elementor-drop-cap-view-default) .elementor-drop-cap-letter{width:1em;height:1em}.elementor-widget-text-editor .elementor-drop-cap{float:left;text-align:center;line-height:1;font-size:50px}.elementor-widget-text-editor .elementor-drop-cap-letter{display:inline-block}<\/style>\t\t\t\t<p>L&rsquo;ADA a ouvert un bureau \u00e0 ZURICH plac\u00e9 sous l\u2019autorit\u00e9 de\u00a0<b>Monsieur Alexandre de Vaivre<\/b>, expert en finance internationale et d\u00e9veloppement durable.<\/p>\t\t\t\t\t\t<\/div>\n\t\t\t\t<\/div>\n\t\t\t\t\t<\/div>\n\t\t<\/div>\n\t\t\t\t\t\t\t<\/div>\n\t\t<\/section>\n\t\t\t\t<section class=\"elementor-section elementor-top-section elementor-element elementor-element-a0c3aaf elementor-section-boxed elementor-section-height-default elementor-section-height-default\" data-id=\"a0c3aaf\" data-element_type=\"section\" data-settings=\"{&quot;_ha_eqh_enable&quot;:false}\">\n\t\t\t\t\t\t<div class=\"elementor-container elementor-column-gap-default\">\n\t\t\t\t\t<div class=\"elementor-column elementor-col-100 elementor-top-column elementor-element elementor-element-4b4f28f\" data-id=\"4b4f28f\" data-element_type=\"column\">\n\t\t\t<div class=\"elementor-widget-wrap elementor-element-populated\">\n\t\t\t\t\t\t\t\t<div class=\"elementor-element elementor-element-b7f131a elementor-widget elementor-widget-text-editor\" data-id=\"b7f131a\" data-element_type=\"widget\" data-widget_type=\"text-editor.default\">\n\t\t\t\t<div class=\"elementor-widget-container\">\n\t\t\t\t\t\t\t<p>Diplom\u00e9 de l\u2019EDEHEC Business School, Monsieur de Vaivre a commenc\u00e9 sa carri\u00e8re en tant que partenaire de la Soci\u00e9t\u00e9 G\u00e9n\u00e9rale et de BNP Paribas et membre du Comit\u00e9 Ex\u00e9cutif du Groupe Suisse de Private Equity\u00a0.Monsieur de Vaivre\u00a0dispose de pr\u00e8s d\u2019une trentaine ann\u00e9es d&rsquo;exp\u00e9rience dans le secteur financier sur les march\u00e9s publics et priv\u00e9s. Il b\u00e9n\u00e9ficie ainsi d&rsquo;une parfaite connaissance des sujets strat\u00e9giques avec une bonne connaissance des pr\u00e9occupations des investisseurs.<\/p>\t\t\t\t\t\t<\/div>\n\t\t\t\t<\/div>\n\t\t\t\t\t<\/div>\n\t\t<\/div>\n\t\t\t\t\t\t\t<\/div>\n\t\t<\/section>\n\t\t\t\t<section class=\"elementor-section elementor-top-section elementor-element elementor-element-f737923 elementor-section-boxed elementor-section-height-default elementor-section-height-default\" data-id=\"f737923\" data-element_type=\"section\" data-settings=\"{&quot;_ha_eqh_enable&quot;:false}\">\n\t\t\t\t\t\t<div class=\"elementor-container elementor-column-gap-default\">\n\t\t\t\t\t<div class=\"elementor-column elementor-col-100 elementor-top-column elementor-element elementor-element-9b081d9\" data-id=\"9b081d9\" data-element_type=\"column\">\n\t\t\t<div class=\"elementor-widget-wrap elementor-element-populated\">\n\t\t\t\t\t\t\t\t<div class=\"elementor-element elementor-element-95f688a elementor-widget elementor-widget-text-editor\" data-id=\"95f688a\" data-element_type=\"widget\" data-widget_type=\"text-editor.default\">\n\t\t\t\t<div class=\"elementor-widget-container\">\n\t\t\t\t\t\t\t<p>Le Bureau de Zurich assurera la coordination internationale des activit\u00e9s de mobilisation des partenaires techniques et financiers en faveur du d\u00e9veloppement des pays africains.<\/p>\t\t\t\t\t\t<\/div>\n\t\t\t\t<\/div>\n\t\t\t\t\t<\/div>\n\t\t<\/div>\n\t\t\t\t\t\t\t<\/div>\n\t\t<\/section>\n\t\t\t\t<section class=\"elementor-section elementor-top-section elementor-element elementor-element-6695322 elementor-section-boxed elementor-section-height-default elementor-section-height-default\" data-id=\"6695322\" data-element_type=\"section\" data-settings=\"{&quot;_ha_eqh_enable&quot;:false}\">\n\t\t\t\t\t\t<div class=\"elementor-container elementor-column-gap-default\">\n\t\t\t\t\t<div class=\"elementor-column elementor-col-100 elementor-top-column elementor-element elementor-element-534d53b\" data-id=\"534d53b\" data-element_type=\"column\">\n\t\t\t<div class=\"elementor-widget-wrap elementor-element-populated\">\n\t\t\t\t\t\t\t\t<div class=\"elementor-element elementor-element-a48e3f5 elementor-widget elementor-widget-text-editor\" data-id=\"a48e3f5\" data-element_type=\"widget\" data-widget_type=\"text-editor.default\">\n\t\t\t\t<div class=\"elementor-widget-container\">\n\t\t\t\t\t\t\t<p>Ainsi le Bureau apportera une attention particuli\u00e8re \u00e0 la r\u00e9alisation du grand programme de r\u00e9alisation de la Zone de libre-\u00e9change continentale africaine de l\u2019Union Africaine qu\u2019est la\u00a0<b>ZLECAF<\/b>.<\/p>\t\t\t\t\t\t<\/div>\n\t\t\t\t<\/div>\n\t\t\t\t\t<\/div>\n\t\t<\/div>\n\t\t\t\t\t\t\t<\/div>\n\t\t<\/section>\n\t\t\t\t<section class=\"elementor-section elementor-top-section elementor-element elementor-element-072fa90 elementor-section-boxed elementor-section-height-default elementor-section-height-default\" data-id=\"072fa90\" data-element_type=\"section\" data-settings=\"{&quot;_ha_eqh_enable&quot;:false}\">\n\t\t\t\t\t\t<div class=\"elementor-container elementor-column-gap-default\">\n\t\t\t\t\t<div class=\"elementor-column elementor-col-100 elementor-top-column elementor-element elementor-element-7b8d4f5\" data-id=\"7b8d4f5\" data-element_type=\"column\">\n\t\t\t<div class=\"elementor-widget-wrap elementor-element-populated\">\n\t\t\t\t\t\t\t\t<div class=\"elementor-element elementor-element-9dd1734 elementor-widget elementor-widget-text-editor\" data-id=\"9dd1734\" data-element_type=\"widget\" data-widget_type=\"text-editor.default\">\n\t\t\t\t<div class=\"elementor-widget-container\">\n\t\t\t\t\t\t\t<p>La pr\u00e9sence de ce bureau \u00e0 ZURICH, place financi\u00e8re de renomm\u00e9e internationale, devrait favoriser une collaboration tr\u00e8s active entre l&rsquo;ADA et la Repr\u00e9sentation diplomatique africaine en Suisse pour la mise en \u0153uvre d\u2019une\u00a0<b>Diplomatie Economique efficiente en<\/b>\u00a0faveur du continent africain.<\/p>\t\t\t\t\t\t<\/div>\n\t\t\t\t<\/div>\n\t\t\t\t\t<\/div>\n\t\t<\/div>\n\t\t\t\t\t\t\t<\/div>\n\t\t<\/section>\n\t\t\t\t\t\t\t<\/div>","protected":false},"excerpt":{"rendered":"<p>L&rsquo;ADA a ouvert un bureau \u00e0 ZURICH plac\u00e9 sous l\u2019autorit\u00e9 de\u00a0Monsieur Alexandre de Vaivre, expert en finance internationale et d\u00e9veloppement durable. Diplom\u00e9 de l\u2019EDEHEC Business School, Monsieur de Vaivre a commenc\u00e9 sa carri\u00e8re en tant que partenaire de la Soci\u00e9t\u00e9 G\u00e9n\u00e9rale et de BNP Paribas et membre du Comit\u00e9 Ex\u00e9cutif du Groupe Suisse de Private &hellip;<\/p>\n<p class=\"read-more\"> <a class=\"\" href=\"https:\/\/acadiploafricaine.org\/en\/bureau-de-zurich\/\"> <span class=\"screen-reader-text\">Bureau de ZURICH<\/span> Read More &raquo;<\/a><\/p>","protected":false},"author":5,"featured_media":0,"parent":0,"menu_order":0,"comment_status":"closed","ping_status":"closed","template":"","meta":{"site-sidebar-layout":"no-sidebar","site-content-layout":"page-builder","ast-global-header-display":"","ast-main-header-display":"","ast-hfb-above-header-display":"","ast-hfb-below-header-display":"","ast-hfb-mobile-header-display":"","site-post-title":"","ast-breadcrumbs-content":"","ast-featured-img":"disabled","footer-sml-layout":"","theme-transparent-header-meta":"","adv-header-id-meta":"","stick-header-meta":"","header-above-stick-meta":"","header-main-stick-meta":"","header-below-stick-meta":""},"_links":{"self":[{"href":"https:\/\/acadiploafricaine.org\/en\/wp-json\/wp\/v2\/pages\/2549"}],"collection":[{"href":"https:\/\/acadiploafricaine.org\/en\/wp-json\/wp\/v2\/pages"}],"about":[{"href":"https:\/\/acadiploafricaine.org\/en\/wp-json\/wp\/v2\/types\/page"}],"author":[{"embeddable":true,"href":"https:\/\/acadiploafricaine.org\/en\/wp-json\/wp\/v2\/users\/5"}],"replies":[{"embeddable":true,"href":"https:\/\/acadiploafricaine.org\/en\/wp-json\/wp\/v2\/comments?post=2549"}],"version-history":[{"count":4,"href":"https:\/\/acadiploafricaine.org\/en\/wp-json\/wp\/v2\/pages\/2549\/revisions"}],"predecessor-version":[{"id":2554,"href":"https:\/\/acadiploafricaine.org\/en\/wp-json\/wp\/v2\/pages\/2549\/revisions\/2554"}],"wp:attachment":[{"href":"https:\/\/acadiploafricaine.org\/en\/wp-json\/wp\/v2\/media?parent=2549"}],"curies":[{"name":"wp","href":"https:\/\/api.w.org\/{rel}","templated":true}]}}