{"id":273,"date":"2022-02-01T12:09:30","date_gmt":"2022-02-01T12:09:30","guid":{"rendered":"http:\/\/acadiploafricaine.org\/?page_id=273"},"modified":"2023-01-16T10:29:28","modified_gmt":"2023-01-16T10:29:28","slug":"galerie","status":"publish","type":"page","link":"https:\/\/acadiploafricaine.org\/en\/galerie\/","title":{"rendered":"Gallery"},"content":{"rendered":"<div data-elementor-type=\"wp-page\" data-elementor-id=\"273\" class=\"elementor elementor-273\">\n\t\t\t\t\t\t\t\t\t<section class=\"elementor-section elementor-top-section elementor-element elementor-element-c55eefc elementor-section-boxed elementor-section-height-default elementor-section-height-default\" data-id=\"c55eefc\" data-element_type=\"section\" data-settings=\"{&quot;_ha_eqh_enable&quot;:false}\">\n\t\t\t\t\t\t<div class=\"elementor-container elementor-column-gap-default\">\n\t\t\t\t\t<div class=\"elementor-column elementor-col-100 elementor-top-column elementor-element elementor-element-926dfdc\" data-id=\"926dfdc\" data-element_type=\"column\">\n\t\t\t<div class=\"elementor-widget-wrap elementor-element-populated\">\n\t\t\t\t\t\t\t\t<div class=\"elementor-element elementor-element-3b42869 elementor-widget elementor-widget-image\" data-id=\"3b42869\" data-element_type=\"widget\" data-widget_type=\"image.default\">\n\t\t\t\t<div class=\"elementor-widget-container\">\n\t\t\t<style>\/*! elementor - v3.15.0 - 09-08-2023 *\/\n.elementor-widget-image{text-align:center}.elementor-widget-image a{display:inline-block}.elementor-widget-image a img[src$=\".svg\"]{width:48px}.elementor-widget-image img{vertical-align:middle;display:inline-block}<\/style>\t\t\t\t\t\t\t\t\t\t\t\t\t<a href=\"http:\/\/acadiploafricaine.org\/wp-content\/uploads\/2021\/05\/ADA-Top-Level-Meetings.jpg\" data-elementor-open-lightbox=\"yes\" data-elementor-lightbox-title=\"ADA Top Level Meetings\" data-e-action-hash=\"#elementor-action%3Aaction%3Dlightbox%26settings%3DeyJpZCI6MzI5LCJ1cmwiOiJodHRwczpcL1wvYWNhZGlwbG9hZnJpY2FpbmUub3JnXC93cC1jb250ZW50XC91cGxvYWRzXC8yMDIxXC8wNVwvQURBLVRvcC1MZXZlbC1NZWV0aW5ncy5qcGcifQ%3D%3D\">\n\t\t\t\t\t\t\t<img decoding=\"async\" width=\"1280\" height=\"720\" src=\"https:\/\/acadiploafricaine.org\/wp-content\/uploads\/2021\/05\/ADA-Top-Level-Meetings.jpg\" class=\"attachment-full size-full wp-image-329\" alt=\"\" loading=\"lazy\" srcset=\"https:\/\/acadiploafricaine.org\/wp-content\/uploads\/2021\/05\/ADA-Top-Level-Meetings.jpg 1280w, https:\/\/acadiploafricaine.org\/wp-content\/uploads\/2021\/05\/ADA-Top-Level-Meetings-300x169.jpg 300w, https:\/\/acadiploafricaine.org\/wp-content\/uploads\/2021\/05\/ADA-Top-Level-Meetings-1024x576.jpg 1024w, https:\/\/acadiploafricaine.org\/wp-content\/uploads\/2021\/05\/ADA-Top-Level-Meetings-768x432.jpg 768w\" sizes=\"(max-width: 1280px) 100vw, 1280px\" \/>\t\t\t\t\t\t\t\t<\/a>\n\t\t\t\t\t\t\t\t\t\t\t\t\t\t\t<\/div>\n\t\t\t\t<\/div>\n\t\t\t\t\t<\/div>\n\t\t<\/div>\n\t\t\t\t\t\t\t<\/div>\n\t\t<\/section>\n\t\t\t\t<section class=\"elementor-section elementor-top-section elementor-element elementor-element-d8b4906 elementor-section-boxed elementor-section-height-default elementor-section-height-default\" data-id=\"d8b4906\" data-element_type=\"section\" data-settings=\"{&quot;_ha_eqh_enable&quot;:false}\">\n\t\t\t\t\t\t<div class=\"elementor-container elementor-column-gap-default\">\n\t\t\t\t\t<div class=\"elementor-column elementor-col-100 elementor-top-column elementor-element elementor-element-a8450f0\" data-id=\"a8450f0\" data-element_type=\"column\">\n\t\t\t<div class=\"elementor-widget-wrap elementor-element-populated\">\n\t\t\t\t\t\t\t\t<div class=\"elementor-element elementor-element-a3fa4a2 elementor-widget elementor-widget-spacer\" data-id=\"a3fa4a2\" data-element_type=\"widget\" data-widget_type=\"spacer.default\">\n\t\t\t\t<div class=\"elementor-widget-container\">\n\t\t\t<style>\/*! elementor - v3.15.0 - 09-08-2023 *\/\n.elementor-column .elementor-spacer-inner{height:var(--spacer-size)}.e-con{--container-widget-width:100%}.e-con-inner>.elementor-widget-spacer,.e-con>.elementor-widget-spacer{width:var(--container-widget-width,var(--spacer-size));--align-self:var(--container-widget-align-self,initial);--flex-shrink:0}.e-con-inner>.elementor-widget-spacer>.elementor-widget-container,.e-con-inner>.elementor-widget-spacer>.elementor-widget-container>.elementor-spacer,.e-con>.elementor-widget-spacer>.elementor-widget-container,.e-con>.elementor-widget-spacer>.elementor-widget-container>.elementor-spacer{height:100%}.e-con-inner>.elementor-widget-spacer>.elementor-widget-container>.elementor-spacer>.elementor-spacer-inner,.e-con>.elementor-widget-spacer>.elementor-widget-container>.elementor-spacer>.elementor-spacer-inner{height:var(--container-widget-height,var(--spacer-size))}<\/style>\t\t<div class=\"elementor-spacer\">\n\t\t\t<div class=\"elementor-spacer-inner\"><\/div>\n\t\t<\/div>\n\t\t\t\t<\/div>\n\t\t\t\t<\/div>\n\t\t\t\t\t<\/div>\n\t\t<\/div>\n\t\t\t\t\t\t\t<\/div>\n\t\t<\/section>\n\t\t\t\t<section class=\"elementor-section elementor-top-section elementor-element elementor-element-2848df4 elementor-section-boxed elementor-section-height-default elementor-section-height-default\" data-id=\"2848df4\" data-element_type=\"section\" data-settings=\"{&quot;_ha_eqh_enable&quot;:false}\">\n\t\t\t\t\t\t<div class=\"elementor-container elementor-column-gap-default\">\n\t\t\t\t\t<div class=\"elementor-column elementor-col-100 elementor-top-column elementor-element elementor-element-b2b8600\" data-id=\"b2b8600\" data-element_type=\"column\">\n\t\t\t<div class=\"elementor-widget-wrap elementor-element-populated\">\n\t\t\t\t\t\t\t\t<div class=\"elementor-element elementor-element-3409d97 elementor-widget elementor-widget-text-editor\" data-id=\"3409d97\" data-element_type=\"widget\" data-widget_type=\"text-editor.default\">\n\t\t\t\t<div class=\"elementor-widget-container\">\n\t\t\t<style>\/*! elementor - v3.15.0 - 09-08-2023 *\/\n.elementor-widget-text-editor.elementor-drop-cap-view-stacked .elementor-drop-cap{background-color:#69727d;color:#fff}.elementor-widget-text-editor.elementor-drop-cap-view-framed .elementor-drop-cap{color:#69727d;border:3px solid;background-color:transparent}.elementor-widget-text-editor:not(.elementor-drop-cap-view-default) .elementor-drop-cap{margin-top:8px}.elementor-widget-text-editor:not(.elementor-drop-cap-view-default) .elementor-drop-cap-letter{width:1em;height:1em}.elementor-widget-text-editor .elementor-drop-cap{float:left;text-align:center;line-height:1;font-size:50px}.elementor-widget-text-editor .elementor-drop-cap-letter{display:inline-block}<\/style>\t\t\t\t<p>Les photos des rencontres top des responsables de l\u2019ADA illustrent, dans le temps, le dynamisme dont ils ont fait montre pour d\u00e9fendre et promouvoir les id\u00e9es de l\u2019Acad\u00e9mies devant les dirigeants de nombreux pays \u00e0 travers le Monde. Parmi ces \u00e9minentes personnalit\u00e9s, on peut citer Mandela, Ghadafy,KI- moon , Chirac\u00a0,Sall ,Obama, Modi, Medvedev, Poutine, Prince Albert, YayiBoni\u00a0,BAI Koroma ,Lavrov.<\/p><p>\u00a0<\/p>\t\t\t\t\t\t<\/div>\n\t\t\t\t<\/div>\n\t\t\t\t\t<\/div>\n\t\t<\/div>\n\t\t\t\t\t\t\t<\/div>\n\t\t<\/section>\n\t\t\t\t<section class=\"elementor-section elementor-top-section elementor-element elementor-element-88ca5cd elementor-section-boxed elementor-section-height-default elementor-section-height-default\" data-id=\"88ca5cd\" data-element_type=\"section\" data-settings=\"{&quot;_ha_eqh_enable&quot;:false}\">\n\t\t\t\t\t\t<div class=\"elementor-container elementor-column-gap-default\">\n\t\t\t\t\t<div class=\"elementor-column elementor-col-100 elementor-top-column elementor-element elementor-element-579e5b1\" data-id=\"579e5b1\" data-element_type=\"column\">\n\t\t\t<div class=\"elementor-widget-wrap elementor-element-populated\">\n\t\t\t\t\t\t\t\t<div class=\"elementor-element elementor-element-53cfb0c elementor-widget elementor-widget-image\" data-id=\"53cfb0c\" data-element_type=\"widget\" data-widget_type=\"image.default\">\n\t\t\t\t<div class=\"elementor-widget-container\">\n\t\t\t\t\t\t\t\t\t\t\t\t\t\t\t\t<a href=\"http:\/\/acadiploafricaine.org\/wp-content\/uploads\/2023\/01\/ADA-2021-2022.png\" data-elementor-open-lightbox=\"yes\" data-elementor-lightbox-title=\"ADA 2021-2022\" data-e-action-hash=\"#elementor-action%3Aaction%3Dlightbox%26settings%3DeyJpZCI6MTI2OCwidXJsIjoiaHR0cHM6XC9cL2FjYWRpcGxvYWZyaWNhaW5lLm9yZ1wvd3AtY29udGVudFwvdXBsb2Fkc1wvMjAyM1wvMDFcL0FEQS0yMDIxLTIwMjIucG5nIn0%3D\">\n\t\t\t\t\t\t\t<img decoding=\"async\" width=\"1024\" height=\"768\" src=\"https:\/\/acadiploafricaine.org\/wp-content\/uploads\/2023\/01\/ADA-2021-2022.png\" class=\"attachment-large size-large wp-image-1268\" alt=\"\" loading=\"lazy\" srcset=\"https:\/\/acadiploafricaine.org\/wp-content\/uploads\/2023\/01\/ADA-2021-2022.png 1024w, https:\/\/acadiploafricaine.org\/wp-content\/uploads\/2023\/01\/ADA-2021-2022-300x225.png 300w, https:\/\/acadiploafricaine.org\/wp-content\/uploads\/2023\/01\/ADA-2021-2022-768x576.png 768w\" sizes=\"(max-width: 1024px) 100vw, 1024px\" \/>\t\t\t\t\t\t\t\t<\/a>\n\t\t\t\t\t\t\t\t\t\t\t\t\t\t\t<\/div>\n\t\t\t\t<\/div>\n\t\t\t\t\t<\/div>\n\t\t<\/div>\n\t\t\t\t\t\t\t<\/div>\n\t\t<\/section>\n\t\t\t\t<section class=\"elementor-section elementor-top-section elementor-element elementor-element-9e7523e elementor-section-boxed elementor-section-height-default elementor-section-height-default\" data-id=\"9e7523e\" data-element_type=\"section\" data-settings=\"{&quot;_ha_eqh_enable&quot;:false}\">\n\t\t\t\t\t\t<div class=\"elementor-container elementor-column-gap-default\">\n\t\t\t\t\t<div class=\"elementor-column elementor-col-100 elementor-top-column elementor-element elementor-element-2bda616\" data-id=\"2bda616\" data-element_type=\"column\">\n\t\t\t<div class=\"elementor-widget-wrap elementor-element-populated\">\n\t\t\t\t\t\t\t\t<div class=\"elementor-element elementor-element-441eccd elementor-widget elementor-widget-text-editor\" data-id=\"441eccd\" data-element_type=\"widget\" data-widget_type=\"text-editor.default\">\n\t\t\t\t<div class=\"elementor-widget-container\">\n\t\t\t\t\t\t\t<p>Durant la p\u00e9riode 2021-2022 , LES Responsables de l\u2019ADA ont rencontr\u00e9 de nombreuses personnalit\u00e9s dont le Pr\u00e9sident de la R\u00e9publique du S\u00e9n\u00e9gal,Madame la Ministre des Affaires \u00e9trang\u00e8res du S\u00e9n\u00e9gal, ainsi que SEM les Ambassadeurs de Russie et de Turquie.<\/p>\t\t\t\t\t\t<\/div>\n\t\t\t\t<\/div>\n\t\t\t\t\t<\/div>\n\t\t<\/div>\n\t\t\t\t\t\t\t<\/div>\n\t\t<\/section>\n\t\t\t\t\t\t\t<\/div>","protected":false},"excerpt":{"rendered":"<p>Les photos des rencontres top des responsables de l\u2019ADA illustrent, dans le temps, le dynamisme dont ils ont fait montre pour d\u00e9fendre et promouvoir les id\u00e9es de l\u2019Acad\u00e9mies devant les dirigeants de nombreux pays \u00e0 travers le Monde. Parmi ces \u00e9minentes personnalit\u00e9s, on peut citer Mandela, Ghadafy,KI- moon , Chirac\u00a0,Sall ,Obama, Modi, Medvedev, Poutine, Prince &hellip;<\/p>\n<p class=\"read-more\"> <a class=\"\" href=\"https:\/\/acadiploafricaine.org\/en\/galerie\/\"> <span class=\"screen-reader-text\">Gallery<\/span> Read More &raquo;<\/a><\/p>","protected":false},"author":1,"featured_media":0,"parent":0,"menu_order":0,"comment_status":"closed","ping_status":"closed","template":"","meta":{"site-sidebar-layout":"default","site-content-layout":"default","ast-global-header-display":"","ast-main-header-display":"","ast-hfb-above-header-display":"","ast-hfb-below-header-display":"","ast-hfb-mobile-header-display":"","site-post-title":"","ast-breadcrumbs-content":"","ast-featured-img":"","footer-sml-layout":"","theme-transparent-header-meta":"","adv-header-id-meta":"","stick-header-meta":"","header-above-stick-meta":"","header-main-stick-meta":"","header-below-stick-meta":""},"_links":{"self":[{"href":"https:\/\/acadiploafricaine.org\/en\/wp-json\/wp\/v2\/pages\/273"}],"collection":[{"href":"https:\/\/acadiploafricaine.org\/en\/wp-json\/wp\/v2\/pages"}],"about":[{"href":"https:\/\/acadiploafricaine.org\/en\/wp-json\/wp\/v2\/types\/page"}],"author":[{"embeddable":true,"href":"https:\/\/acadiploafricaine.org\/en\/wp-json\/wp\/v2\/users\/1"}],"replies":[{"embeddable":true,"href":"https:\/\/acadiploafricaine.org\/en\/wp-json\/wp\/v2\/comments?post=273"}],"version-history":[{"count":59,"href":"https:\/\/acadiploafricaine.org\/en\/wp-json\/wp\/v2\/pages\/273\/revisions"}],"predecessor-version":[{"id":1272,"href":"https:\/\/acadiploafricaine.org\/en\/wp-json\/wp\/v2\/pages\/273\/revisions\/1272"}],"wp:attachment":[{"href":"https:\/\/acadiploafricaine.org\/en\/wp-json\/wp\/v2\/media?parent=273"}],"curies":[{"name":"wp","href":"https:\/\/api.w.org\/{rel}","templated":true}]}}