{"id":2925,"date":"2025-04-01T18:12:17","date_gmt":"2025-04-01T18:12:17","guid":{"rendered":"https:\/\/acadiploafricaine.org\/?page_id=2925"},"modified":"2025-04-01T18:43:16","modified_gmt":"2025-04-01T18:43:16","slug":"bureau-de-francfort","status":"publish","type":"page","link":"https:\/\/acadiploafricaine.org\/en\/bureau-de-francfort\/","title":{"rendered":"Bureau de Francfort"},"content":{"rendered":"<div data-elementor-type=\"wp-page\" data-elementor-id=\"2925\" class=\"elementor elementor-2925\">\n\t\t\t\t\t\t\t\t\t<section class=\"elementor-section elementor-top-section elementor-element elementor-element-734e9e2 elementor-section-boxed elementor-section-height-default elementor-section-height-default\" data-id=\"734e9e2\" data-element_type=\"section\" data-settings=\"{&quot;_ha_eqh_enable&quot;:false}\">\n\t\t\t\t\t\t<div class=\"elementor-container elementor-column-gap-default\">\n\t\t\t\t\t<div class=\"elementor-column elementor-col-100 elementor-top-column elementor-element elementor-element-5b81a6c\" data-id=\"5b81a6c\" data-element_type=\"column\">\n\t\t\t<div class=\"elementor-widget-wrap elementor-element-populated\">\n\t\t\t\t\t\t\t\t<div class=\"elementor-element elementor-element-5ad575f elementor-widget elementor-widget-text-editor\" data-id=\"5ad575f\" data-element_type=\"widget\" data-widget_type=\"text-editor.default\">\n\t\t\t\t<div class=\"elementor-widget-container\">\n\t\t\t<style>\/*! elementor - v3.15.0 - 09-08-2023 *\/\n.elementor-widget-text-editor.elementor-drop-cap-view-stacked .elementor-drop-cap{background-color:#69727d;color:#fff}.elementor-widget-text-editor.elementor-drop-cap-view-framed .elementor-drop-cap{color:#69727d;border:3px solid;background-color:transparent}.elementor-widget-text-editor:not(.elementor-drop-cap-view-default) .elementor-drop-cap{margin-top:8px}.elementor-widget-text-editor:not(.elementor-drop-cap-view-default) .elementor-drop-cap-letter{width:1em;height:1em}.elementor-widget-text-editor .elementor-drop-cap{float:left;text-align:center;line-height:1;font-size:50px}.elementor-widget-text-editor .elementor-drop-cap-letter{display:inline-block}<\/style>\t\t\t\t<div dir=\"auto\">The ADA has decided to establish its Regional Office for Europe starting in March 2025.<\/div>\n<div dir=\"auto\">The Regional Office will be under the authority of Zijad JUNUZOVIC, President of ADA Germany, assisted by Simon AZOVIDE, Vice President.\u00a0<\/div>\n<div dir=\"auto\">Its mission is to enhance coordination among ADA's National Representatives in Europe, facilitate relations between ADA and German authorities, and strengthen ties with various European institutions.<\/div>\t\t\t\t\t\t<\/div>\n\t\t\t\t<\/div>\n\t\t\t\t\t<\/div>\n\t\t<\/div>\n\t\t\t\t\t\t\t<\/div>\n\t\t<\/section>\n\t\t\t\t<section class=\"elementor-section elementor-top-section elementor-element elementor-element-4021e72 elementor-section-boxed elementor-section-height-default elementor-section-height-default\" data-id=\"4021e72\" data-element_type=\"section\" data-settings=\"{&quot;_ha_eqh_enable&quot;:false}\">\n\t\t\t\t\t\t<div class=\"elementor-container elementor-column-gap-default\">\n\t\t\t\t\t<div class=\"elementor-column elementor-col-100 elementor-top-column elementor-element elementor-element-b2cb08f\" data-id=\"b2cb08f\" data-element_type=\"column\">\n\t\t\t<div class=\"elementor-widget-wrap elementor-element-populated\">\n\t\t\t\t\t\t\t\t<div class=\"elementor-element elementor-element-217ba5a elementor-widget elementor-widget-text-editor\" data-id=\"217ba5a\" data-element_type=\"widget\" data-widget_type=\"text-editor.default\">\n\t\t\t\t<div class=\"elementor-widget-container\">\n\t\t\t\t\t\t\t<p>In terms of economic diplomacy, the Regional Office is responsible for raising awareness and mobilizing technical and financial partners who can contribute to Africa's development.<\/p>\t\t\t\t\t\t<\/div>\n\t\t\t\t<\/div>\n\t\t\t\t\t<\/div>\n\t\t<\/div>\n\t\t\t\t\t\t\t<\/div>\n\t\t<\/section>\n\t\t\t\t<section class=\"elementor-section elementor-top-section elementor-element elementor-element-2589b36 elementor-section-boxed elementor-section-height-default elementor-section-height-default\" data-id=\"2589b36\" data-element_type=\"section\" data-settings=\"{&quot;_ha_eqh_enable&quot;:false}\">\n\t\t\t\t\t\t<div class=\"elementor-container elementor-column-gap-default\">\n\t\t\t\t\t<div class=\"elementor-column elementor-col-50 elementor-top-column elementor-element elementor-element-6bdfa8d\" data-id=\"6bdfa8d\" data-element_type=\"column\">\n\t\t\t<div class=\"elementor-widget-wrap elementor-element-populated\">\n\t\t\t\t\t\t\t\t<div class=\"elementor-element elementor-element-3516829 elementor-widget elementor-widget-image\" data-id=\"3516829\" data-element_type=\"widget\" data-widget_type=\"image.default\">\n\t\t\t\t<div class=\"elementor-widget-container\">\n\t\t\t<style>\/*! elementor - v3.15.0 - 09-08-2023 *\/\n.elementor-widget-image{text-align:center}.elementor-widget-image a{display:inline-block}.elementor-widget-image a img[src$=\".svg\"]{width:48px}.elementor-widget-image img{vertical-align:middle;display:inline-block}<\/style>\t\t\t\t\t\t\t\t\t\t\t\t<img decoding=\"async\" width=\"768\" height=\"1713\" src=\"https:\/\/acadiploafricaine.org\/wp-content\/uploads\/2025\/04\/IMG-20250401-WA0022-768x1713.jpg\" class=\"attachment-medium_large size-medium_large wp-image-2932\" alt=\"\" loading=\"lazy\" srcset=\"https:\/\/acadiploafricaine.org\/wp-content\/uploads\/2025\/04\/IMG-20250401-WA0022-768x1713.jpg 768w, https:\/\/acadiploafricaine.org\/wp-content\/uploads\/2025\/04\/IMG-20250401-WA0022-134x300.jpg 134w, https:\/\/acadiploafricaine.org\/wp-content\/uploads\/2025\/04\/IMG-20250401-WA0022-459x1024.jpg 459w, https:\/\/acadiploafricaine.org\/wp-content\/uploads\/2025\/04\/IMG-20250401-WA0022-689x1536.jpg 689w, https:\/\/acadiploafricaine.org\/wp-content\/uploads\/2025\/04\/IMG-20250401-WA0022-5x12.jpg 5w, https:\/\/acadiploafricaine.org\/wp-content\/uploads\/2025\/04\/IMG-20250401-WA0022.jpg 918w\" sizes=\"(max-width: 768px) 100vw, 768px\" \/>\t\t\t\t\t\t\t\t\t\t\t\t\t\t\t<\/div>\n\t\t\t\t<\/div>\n\t\t\t\t\t<\/div>\n\t\t<\/div>\n\t\t\t\t<div class=\"elementor-column elementor-col-50 elementor-top-column elementor-element elementor-element-ac385bf\" data-id=\"ac385bf\" data-element_type=\"column\">\n\t\t\t<div class=\"elementor-widget-wrap elementor-element-populated\">\n\t\t\t\t\t\t\t\t<div class=\"elementor-element elementor-element-580f2cb elementor-widget elementor-widget-image\" data-id=\"580f2cb\" data-element_type=\"widget\" data-widget_type=\"image.default\">\n\t\t\t\t<div class=\"elementor-widget-container\">\n\t\t\t\t\t\t\t\t\t\t\t\t\t\t\t<img decoding=\"async\" width=\"459\" height=\"1024\" src=\"https:\/\/acadiploafricaine.org\/wp-content\/uploads\/2025\/04\/IMG-20250401-WA0023-459x1024.jpg\" class=\"attachment-large size-large wp-image-2933\" alt=\"\" loading=\"lazy\" srcset=\"https:\/\/acadiploafricaine.org\/wp-content\/uploads\/2025\/04\/IMG-20250401-WA0023-459x1024.jpg 459w, https:\/\/acadiploafricaine.org\/wp-content\/uploads\/2025\/04\/IMG-20250401-WA0023-134x300.jpg 134w, https:\/\/acadiploafricaine.org\/wp-content\/uploads\/2025\/04\/IMG-20250401-WA0023-768x1713.jpg 768w, https:\/\/acadiploafricaine.org\/wp-content\/uploads\/2025\/04\/IMG-20250401-WA0023-689x1536.jpg 689w, https:\/\/acadiploafricaine.org\/wp-content\/uploads\/2025\/04\/IMG-20250401-WA0023-5x12.jpg 5w, https:\/\/acadiploafricaine.org\/wp-content\/uploads\/2025\/04\/IMG-20250401-WA0023.jpg 918w\" sizes=\"(max-width: 459px) 100vw, 459px\" \/>\t\t\t\t\t\t\t\t\t\t\t\t\t\t\t<\/div>\n\t\t\t\t<\/div>\n\t\t\t\t\t<\/div>\n\t\t<\/div>\n\t\t\t\t\t\t\t<\/div>\n\t\t<\/section>\n\t\t\t\t\t\t\t<\/div>","protected":false},"excerpt":{"rendered":"<p>L&rsquo;ADA a d\u00e9cid\u00e9 de mettre en place a partir du mois de Mars 2025 son Bureau R\u00e9gion Europe. Le Bureau R\u00e9gional est plac\u00e9 sous l&rsquo;autorit\u00e9 de Zijad JUNUZOVIC&#8230;Pr\u00e9sident de ADA Germany, assist\u00e9 de de Simon AZOVIDE, vice-pr\u00e9sident.\u00a0 Le Bureau R\u00e9gional a pour mission de favoriser la coordination des activit\u00e9s des Repr\u00e9sentants Nationaux de ADA en &hellip;<\/p>\n<p class=\"read-more\"> <a class=\"\" href=\"https:\/\/acadiploafricaine.org\/en\/bureau-de-francfort\/\"> <span class=\"screen-reader-text\">Bureau de Francfort<\/span> Read More &raquo;<\/a><\/p>","protected":false},"author":8,"featured_media":0,"parent":0,"menu_order":0,"comment_status":"closed","ping_status":"closed","template":"","meta":{"site-sidebar-layout":"no-sidebar","site-content-layout":"page-builder","ast-global-header-display":"","ast-main-header-display":"","ast-hfb-above-header-display":"","ast-hfb-below-header-display":"","ast-hfb-mobile-header-display":"","site-post-title":"","ast-breadcrumbs-content":"","ast-featured-img":"disabled","footer-sml-layout":"","theme-transparent-header-meta":"","adv-header-id-meta":"","stick-header-meta":"","header-above-stick-meta":"","header-main-stick-meta":"","header-below-stick-meta":""},"_links":{"self":[{"href":"https:\/\/acadiploafricaine.org\/en\/wp-json\/wp\/v2\/pages\/2925"}],"collection":[{"href":"https:\/\/acadiploafricaine.org\/en\/wp-json\/wp\/v2\/pages"}],"about":[{"href":"https:\/\/acadiploafricaine.org\/en\/wp-json\/wp\/v2\/types\/page"}],"author":[{"embeddable":true,"href":"https:\/\/acadiploafricaine.org\/en\/wp-json\/wp\/v2\/users\/8"}],"replies":[{"embeddable":true,"href":"https:\/\/acadiploafricaine.org\/en\/wp-json\/wp\/v2\/comments?post=2925"}],"version-history":[{"count":7,"href":"https:\/\/acadiploafricaine.org\/en\/wp-json\/wp\/v2\/pages\/2925\/revisions"}],"predecessor-version":[{"id":2936,"href":"https:\/\/acadiploafricaine.org\/en\/wp-json\/wp\/v2\/pages\/2925\/revisions\/2936"}],"wp:attachment":[{"href":"https:\/\/acadiploafricaine.org\/en\/wp-json\/wp\/v2\/media?parent=2925"}],"curies":[{"name":"wp","href":"https:\/\/api.w.org\/{rel}","templated":true}]}}